{"id":3,"date":"2024-01-13T15:48:11","date_gmt":"2024-01-13T15:48:11","guid":{"rendered":"http:\/\/puregbl.com\/?page_id=3"},"modified":"2024-01-26T14:51:17","modified_gmt":"2024-01-26T14:51:17","slug":"zasady-ochrany-osobnich-udaju","status":"publish","type":"page","link":"https:\/\/puregbl.com\/cs\/privacy-policy\/","title":{"rendered":"Z\u00e1sady ochrany osobn\u00edch \u00fadaj\u016f"},"content":{"rendered":"<div data-elementor-type=\"wp-page\" data-elementor-id=\"3\" class=\"elementor elementor-3\">\n\t\t\t\t\t\t<section class=\"elementor-section elementor-top-section elementor-element elementor-element-4d89be23 elementor-section-boxed elementor-section-height-default elementor-section-height-default\" data-id=\"4d89be23\" data-element_type=\"section\" data-e-type=\"section\">\n\t\t\t\t\t\t<div class=\"elementor-container elementor-column-gap-default\">\n\t\t\t\t\t<div class=\"elementor-column elementor-col-100 elementor-top-column elementor-element elementor-element-4bd88749\" data-id=\"4bd88749\" data-element_type=\"column\" data-e-type=\"column\">\n\t\t\t<div class=\"elementor-widget-wrap elementor-element-populated\">\n\t\t\t\t\t\t<div class=\"elementor-element elementor-element-f282346 elementor-widget elementor-widget-text-editor\" data-id=\"f282346\" data-element_type=\"widget\" data-e-type=\"widget\" data-widget_type=\"text-editor.default\">\n\t\t\t\t<div class=\"elementor-widget-container\">\n\t\t\t\t\t\t\t\t\t\n<p><span style=\"font-size: large;\">Datum \u00fa\u010dinnosti: 2024<\/span><\/p>\n<p><b><span style=\"font-size: large;\">1. Sb\u011br informac\u00ed:<\/span><\/b><\/p>\n<p><span style=\"font-size: large;\">Kdy\u017e pou\u017e\u00edv\u00e1te na\u0161e webov\u00e9 str\u00e1nky nebo vyu\u017e\u00edv\u00e1te na\u0161e slu\u017eby, m\u016f\u017eeme shroma\u017e\u010fovat a zpracov\u00e1vat n\u00e1sleduj\u00edc\u00ed informace:<\/span><\/p>\n<ul>\n<li><span style=\"font-size: large;\">Osobn\u00ed \u00fadaje, jako je jm\u00e9no, adresa, e-mailov\u00e1 adresa a telefonn\u00ed \u010d\u00edslo.<\/span><\/li>\n<li><span style=\"font-size: large;\">Platebn\u00ed \u00fadaje pro zpracov\u00e1n\u00ed transakc\u00ed.<\/span><\/li>\n<li><span style=\"font-size: large;\">Informace souvisej\u00edc\u00ed s va\u0161\u00edm pou\u017e\u00edv\u00e1n\u00edm na\u0161ich webov\u00fdch str\u00e1nek, v\u010detn\u011b IP adresy, typu prohl\u00ed\u017ee\u010de a chov\u00e1n\u00ed p\u0159i prohl\u00ed\u017een\u00ed.<\/span><\/li>\n<li>\u00a0<\/li>\n<\/ul>\n<p><b><span style=\"font-size: large;\">2. Jak va\u0161e informace pou\u017e\u00edv\u00e1me:<\/span><\/b><\/p>\n<p><span style=\"font-size: large;\">Shrom\u00e1\u017ed\u011bn\u00e9 informace pou\u017e\u00edv\u00e1me k n\u00e1sleduj\u00edc\u00edm \u00fa\u010del\u016fm:<\/span><\/p>\n<ul>\n<li><span style=\"font-size: large;\">Zpracov\u00e1n\u00ed a pln\u011bn\u00ed objedn\u00e1vek a transakc\u00ed.<\/span><\/li>\n<li><span style=\"font-size: large;\">komunikovat s v\u00e1mi ohledn\u011b va\u0161ich objedn\u00e1vek, \u00fa\u010dt\u016f nebo dotaz\u016f.<\/span><\/li>\n<li><span style=\"font-size: large;\">Zlep\u0161en\u00ed na\u0161ich webov\u00fdch str\u00e1nek a slu\u017eeb.<\/span><\/li>\n<li><span style=\"font-size: large;\">zas\u00edl\u00e1n\u00ed propaga\u010dn\u00edch e-mail\u016f nebo newsletter\u016f (m\u016f\u017eete se kdykoli odhl\u00e1sit).<\/span><\/li>\n<li>\u00a0<\/li>\n<\/ul>\n<p><b><span style=\"font-size: large;\">3. Sd\u00edlen\u00ed informac\u00ed:<\/span><\/b><\/p>\n<p><span style=\"font-size: large;\">Va\u0161e osobn\u00ed \u00fadaje neprod\u00e1v\u00e1me, nevym\u011b\u0148ujeme ani jinak nep\u0159ed\u00e1v\u00e1me t\u0159et\u00edm stran\u00e1m bez va\u0161eho souhlasu, s v\u00fdjimkou p\u0159\u00edpad\u016f vy\u017eadovan\u00fdch z\u00e1konem. M\u016f\u017eeme v\u0161ak sd\u00edlet informace s d\u016fv\u011bryhodn\u00fdmi poskytovateli slu\u017eeb t\u0159et\u00edch stran, kte\u0159\u00ed n\u00e1m pom\u00e1haj\u00ed s provozem na\u0161ich webov\u00fdch str\u00e1nek nebo s na\u0161\u00ed \u010dinnost\u00ed.<\/span><\/p>\n<p><b><span style=\"font-size: large;\">4. Zabezpe\u010den\u00ed dat:<\/span><\/b><\/p>\n<p><span style=\"font-size: large;\">P\u0159i zad\u00e1v\u00e1n\u00ed objedn\u00e1vky nebo p\u0159\u00edstupu k va\u0161emu \u00fa\u010dtu uplat\u0148ujeme \u0159adu bezpe\u010dnostn\u00edch opat\u0159en\u00ed, abychom zajistili bezpe\u010dnost va\u0161ich osobn\u00edch \u00fadaj\u016f. V\u0161echny citliv\u00e9 informace jsou p\u0159en\u00e1\u0161eny prost\u0159ednictv\u00edm technologie SSL (Secure Socket Layer) a bezpe\u010dn\u011b ulo\u017eeny.<\/span><\/p>\n<p><b><span style=\"font-size: large;\">5. Soubory cookie:<\/span><\/b><\/p>\n<p><span style=\"font-size: large;\">Soubory cookie pou\u017e\u00edv\u00e1me k vylep\u0161en\u00ed va\u0161ich zku\u0161enost\u00ed na na\u0161ich webov\u00fdch str\u00e1nk\u00e1ch. Soubory cookie jsou mal\u00e9 soubory ulo\u017een\u00e9 ve va\u0161em za\u0159\u00edzen\u00ed, kter\u00e9 pom\u00e1haj\u00ed zlep\u0161it funk\u010dnost webov\u00fdch str\u00e1nek. Soubory cookie m\u016f\u017eete v nastaven\u00ed prohl\u00ed\u017ee\u010de zak\u00e1zat, co\u017e v\u0161ak m\u016f\u017ee ovlivnit va\u0161i schopnost pou\u017e\u00edvat n\u011bkter\u00e9 funkce na\u0161ich webov\u00fdch str\u00e1nek.<\/span><\/p>\n<p><b><span style=\"font-size: large;\">6. Va\u0161e pr\u00e1va:<\/span><\/b><\/p>\n<p><span style=\"font-size: large;\">M\u00e1te pr\u00e1vo na p\u0159\u00edstup ke sv\u00fdm osobn\u00edm \u00fadaj\u016fm, jejich opravu nebo vymaz\u00e1n\u00ed. Chcete-li uplatnit tato pr\u00e1va nebo m\u00e1te-li jak\u00e9koli obavy t\u00fdkaj\u00edc\u00ed se ochrany osobn\u00edch \u00fadaj\u016f, kontaktujte n\u00e1s na adrese\u00a0<a href=\"mailto:info@puregbl.com\" target=\"_blank\" rel=\"noopener\">info@puregbl.com<\/a><\/span><\/p>\n<p><b><span style=\"font-size: large;\">7. Ochrana soukrom\u00ed d\u011bt\u00ed:<\/span><\/b><\/p>\n<p><span style=\"font-size: large;\">Na\u0161e webov\u00e9 str\u00e1nky nejsou ur\u010deny d\u011btem mlad\u0161\u00edm 18 let. Osobn\u00ed \u00fadaje od d\u011bt\u00ed v\u011bdom\u011b neshroma\u017e\u010fujeme. Pokud jste rodi\u010d nebo opatrovn\u00edk a domn\u00edv\u00e1te se, \u017ee n\u00e1m va\u0161e d\u00edt\u011b poskytlo osobn\u00ed \u00fadaje, kontaktujte n\u00e1s.<\/span><\/p>\n<p><b><span style=\"font-size: large;\">8. Zm\u011bny z\u00e1sad ochrany osobn\u00edch \u00fadaj\u016f:<\/span><\/b><\/p>\n<p><span style=\"font-size: large;\">Spole\u010dnost PURE GBL ONLINE si vyhrazuje pr\u00e1vo tyto z\u00e1sady ochrany osobn\u00edch \u00fadaj\u016f kdykoli aktualizovat nebo upravit. Ve\u0161ker\u00e9 zm\u011bny budou \u00fa\u010dinn\u00e9 okam\u017eit\u011b po zve\u0159ejn\u011bn\u00ed na na\u0161ich webov\u00fdch str\u00e1nk\u00e1ch.<\/span><\/p>\n<p><b><span style=\"font-size: large;\">9. Kontaktn\u00ed informace:<\/span><\/b><\/p>\n<p><span style=\"font-size: large;\">V p\u0159\u00edpad\u011b jak\u00fdchkoli dotaz\u016f t\u00fdkaj\u00edc\u00edch se na\u0161ich z\u00e1sad ochrany osobn\u00edch \u00fadaj\u016f n\u00e1s pros\u00edm kontaktujte na adrese\u00a0<a href=\"mailto:info@puregbl.com\" target=\"_blank\" rel=\"noopener\">info@puregbl.com<\/a><\/span><\/p>\n<p><span style=\"font-size: large;\">Ujist\u011bte se, \u017ee jsou z\u00e1sady ochrany osobn\u00edch \u00fadaj\u016f na va\u0161ich webov\u00fdch str\u00e1nk\u00e1ch viditeln\u011b um\u00edst\u011bny, a uve\u010fte na n\u011b odkaz v\u0161ude, kde se shroma\u017e\u010fuj\u00ed osobn\u00ed \u00fadaje. Krom\u011b toho informujte u\u017eivatele o v\u0161ech aktualizac\u00edch z\u00e1sad ochrany osobn\u00edch \u00fadaj\u016f.<\/span><\/p>\n\t\t\t\t\t\t\t\t<\/div>\n\t\t\t\t<\/div>\n\t\t\t\t\t<\/div>\n\t\t<\/div>\n\t\t\t\t\t<\/div>\n\t\t<\/section>\n\t\t\t\t<\/div>","protected":false},"excerpt":{"rendered":"<p>Effective Date: 2024 1. Information Collection: We may collect and process the following information when you use our website or engage with our services: Personal information such as name, address, email address, and phone number. Payment information for processing transactions. Information related to your use of our website, including IP address, browser type, and browsing [&hellip;]<\/p>\n","protected":false},"author":1,"featured_media":0,"parent":0,"menu_order":0,"comment_status":"closed","ping_status":"closed","template":"","meta":{"footnotes":""},"class_list":["post-3","page","type-page","status-publish","hentry"],"_links":{"self":[{"href":"https:\/\/puregbl.com\/cs\/wp-json\/wp\/v2\/pages\/3","targetHints":{"allow":["GET"]}}],"collection":[{"href":"https:\/\/puregbl.com\/cs\/wp-json\/wp\/v2\/pages"}],"about":[{"href":"https:\/\/puregbl.com\/cs\/wp-json\/wp\/v2\/types\/page"}],"author":[{"embeddable":true,"href":"https:\/\/puregbl.com\/cs\/wp-json\/wp\/v2\/users\/1"}],"replies":[{"embeddable":true,"href":"https:\/\/puregbl.com\/cs\/wp-json\/wp\/v2\/comments?post=3"}],"version-history":[{"count":0,"href":"https:\/\/puregbl.com\/cs\/wp-json\/wp\/v2\/pages\/3\/revisions"}],"wp:attachment":[{"href":"https:\/\/puregbl.com\/cs\/wp-json\/wp\/v2\/media?parent=3"}],"curies":[{"name":"wp","href":"https:\/\/api.w.org\/{rel}","templated":true}]}}