{"id":5236,"date":"2021-01-17T05:07:15","date_gmt":"2021-01-17T05:07:15","guid":{"rendered":"http:\/\/puregbl.com\/?page_id=6"},"modified":"2026-03-27T11:59:31","modified_gmt":"2026-03-27T11:59:31","slug":"shop","status":"publish","type":"page","link":"https:\/\/puregbl.com\/de\/shop\/","title":{"rendered":"Shop"},"content":{"rendered":"<div class=\"wp-block-group has-background is-nowrap is-layout-flex wp-container-core-group-is-layout-ad2f72ca wp-block-group-is-layout-flex\" style=\"background-color:#f2f5f7\">\n<div class=\"wp-block-columns is-layout-flex wp-container-core-columns-is-layout-9d6595d7 wp-block-columns-is-layout-flex\">\n<div class=\"wp-block-column is-layout-flow wp-block-column-is-layout-flow\">\n<p>Willkommen bei PURE GBL. Wir m\u00f6chten, dass Sie wissen, dass GBL, oder Gamma-Butyrolacton, eine chemische Verbindung ist, die aufgrund ihrer Wirksamkeit als Reinigungsmittel, Abbeizer und L\u00f6sungsmittel in verschiedenen Branchen weit verbreitet ist. Beim Kauf von GBL ist es wichtig, einen zuverl\u00e4ssigen und seri\u00f6sen Lieferanten zu finden, der sich an strenge Sicherheits- und Regulierungsrichtlinien h\u00e4lt. PURE GBL ist f\u00fcr Sie da, um sicherzustellen, dass Sie den Verwendungszweck von GBL verstehen und alle relevanten Sicherheitsdatenbl\u00e4tter (<a href=\"https:\/\/en.wikipedia.org\/wiki\/%CE%93-Butyrolactone\" rel=\"nofollow noopener\">SDS<\/a>), um sich \u00fcber potenzielle Gefahren und notwendige Vorsichtsma\u00dfnahmen zu informieren. Die unsachgem\u00e4\u00dfe Verwendung von Chemikalien wie GBL kann gef\u00e4hrlich sein, daher ist es wichtig, alle Sicherheitsrichtlinien und -vorschriften zu befolgen. F\u00fcr weitere Informationen zum Kauf von GBL, einschlie\u00dflich Preisen, Lieferzeiten und Bestellmengen, wenden Sie sich bitte an unseren Kundendienst. Wir sind bestrebt, qualitativ hochwertige Produkte zu liefern, bei denen Sicherheit und Kundenzufriedenheit im Vordergrund stehen. Sie k\u00f6nnen sich gerne an <a href=\"https:\/\/puregbl.com\/de\/shop\/\">Ort<\/a> Ihre Bestellung jetzt oder kontaktieren Sie uns so schnell wie m\u00f6glich, wenn Sie Fragen zu Ihrer Bestellung haben\u00a0<\/p>\n<\/div>\n<\/div>\n<\/div>","protected":false},"excerpt":{"rendered":"<p>Welcome to PURE GBL, We would like you to know that GBL, or Gamma-Butyrolactone, is a chemical compound widely used in various industries due to its effectiveness as a cleaning agent, paint stripper, and solvent. When buying GBL, it&#8217;s crucial to find a reliable and reputable supplier that adheres to strict safety and regulatory guidelines. [&hellip;]<\/p>\n","protected":false},"author":2,"featured_media":0,"parent":0,"menu_order":0,"comment_status":"closed","ping_status":"closed","template":"","meta":{"footnotes":""},"class_list":["post-5236","page","type-page","status-publish","hentry"],"_links":{"self":[{"href":"https:\/\/puregbl.com\/de\/wp-json\/wp\/v2\/pages\/5236","targetHints":{"allow":["GET"]}}],"collection":[{"href":"https:\/\/puregbl.com\/de\/wp-json\/wp\/v2\/pages"}],"about":[{"href":"https:\/\/puregbl.com\/de\/wp-json\/wp\/v2\/types\/page"}],"author":[{"embeddable":true,"href":"https:\/\/puregbl.com\/de\/wp-json\/wp\/v2\/users\/2"}],"replies":[{"embeddable":true,"href":"https:\/\/puregbl.com\/de\/wp-json\/wp\/v2\/comments?post=5236"}],"version-history":[{"count":1,"href":"https:\/\/puregbl.com\/de\/wp-json\/wp\/v2\/pages\/5236\/revisions"}],"predecessor-version":[{"id":5970,"href":"https:\/\/puregbl.com\/de\/wp-json\/wp\/v2\/pages\/5236\/revisions\/5970"}],"wp:attachment":[{"href":"https:\/\/puregbl.com\/de\/wp-json\/wp\/v2\/media?parent=5236"}],"curies":[{"name":"wp","href":"https:\/\/api.w.org\/{rel}","templated":true}]}}