{"id":5392,"date":"2024-01-26T09:29:30","date_gmt":"2024-01-26T09:29:30","guid":{"rendered":"https:\/\/puregbl.com\/?post_type=product&#038;p=5392"},"modified":"2025-10-15T22:28:33","modified_gmt":"2025-10-15T22:28:33","slug":"gamma-butyrolacton-gbl-2l","status":"publish","type":"product","link":"https:\/\/puregbl.com\/de\/product\/gamma-butyrolactone-gbl-2l\/","title":{"rendered":"Gamma-Butyrolacton GBL 2L"},"content":{"rendered":"<h1><a href=\"https:\/\/puregbl.com\/de\/produkt\/gamma-butyrolacton-gbl-2l\/\">Gamma-Butyrolacton GBL 2L | GBL Onlie kaufen<\/a><\/h1>\n<p>Gamma-Butyrolacton GBL 2l ist eine hygroskopische, farblose Fl\u00fcssigkeit mit schwachem, charakteristischem Geruch und absolut geschmacksneutral. Sie k\u00f6nnen GBL gerne im Pure GBL Online Shop bestellen. Die chemische Formel f\u00fcr diese Verbindung ist C4H6O2, die aufgrund ihrer Wirksamkeit als L\u00f6sungsmittel h\u00e4ufig in verschiedenen Haushaltsreinigungsl\u00f6sungen, Sekundenkleberentfernern, Abbeizmitteln und Platinenreinigern zu finden ist. GBL wird bei der Herstellung von Arzneimitteln verwendet, wo es als Vorprodukt bei der Synthese von pharmazeutischen Wirkstoffen dient. Sie k\u00f6nnen GBL problemlos in unserem Online-Shop kaufen.<\/p>\n<h2><b>Hauptmerkmale von reinem GBL | GBL online bestellen :<\/b><\/h2>\n<ul>\n<li><b> Vielseitigkeit:<\/b>\u00a0GBL ist f\u00fcr sein breites Anwendungsspektrum bekannt, das von seiner Rolle in Arzneimitteln bis hin zu seiner Verwendung als Zwischenprodukt in der industriellen Chemie reicht.<\/li>\n<li><b> Hohe Reinheit:<\/b>\u00a0Unser Gamma-Butyrolacton ist von h\u00f6chster Reinheit und gew\u00e4hrleistet optimale Leistung f\u00fcr Ihre spezifischen Prozesse oder Anwendungen.<\/li>\n<li><b><a href=\"https:\/\/www.m-chemical.co.jp\/en\/products\/departments\/mcc\/c4\/product\/1201004_7922.html\" rel=\"nofollow noopener\"> Sicherheit<\/a>:<\/b>\u00a0Mit Blick auf die Sicherheit der Benutzer verpackt, sind unsere <a href=\"https:\/\/puregbl.com\/de\/\">GBL<\/a> wird mit einer ausf\u00fchrlichen Gebrauchsanweisung geliefert, um eine sichere Verwendung und Lagerung zu gew\u00e4hrleisten.<\/li>\n<\/ul>\n<h3>Gamma-Butyrolacton (GBL) 2L | GBL Online Kaufen Europa<\/h3>\n<p>Bitte beachten Sie, dass <a href=\"https:\/\/www.gov.uk\/government\/publications\/circular-0042022-gamma-butyrolactone-gbl-and-14-butanediol-14-bd-revocation-of-rescheduling\/circular-0042022-gamma-butyrolactone-gbl-and-14-butanediol-14-bd-revocation-of-rescheduling\" rel=\"nofollow noopener\">Reines<\/a> Gamma-Butyrolacton ist reguliert, und bei der Handhabung und Verwendung m\u00fcssen angemessene Vorsichtsma\u00dfnahmen getroffen werden. Konsultieren Sie immer die Sicherheitsdatenbl\u00e4tter und halten Sie sich an die \u00f6rtlichen Vorschriften bez\u00fcglich des Materials. <a href=\"https:\/\/puregbl.com\/de\/about-us\/\">verwenden.<\/a>.<\/p>\n<p>Gamma-Butyrolacton (GBL) ist eine chemische Verbindung, die verschiedene industrielle Anwendungen hat. GBL Online Europe bietet eine bequeme Plattform f\u00fcr Unternehmen, um diese Verbindung effizient zu beschaffen.<\/p>\n<p>Mit einer starken Online-Pr\u00e4senz in Europa bietet GBL Online Europe eine breite Palette von GBL-Produkten an, um die unterschiedlichen Bed\u00fcrfnisse seiner Kunden zu erf\u00fcllen. Die Verpflichtung des Unternehmens zu Qualit\u00e4t und Zuverl\u00e4ssigkeit macht es zu einem vertrauensw\u00fcrdigen Lieferanten in der Region. Die Kunden k\u00f6nnen sich auf GBL Online Europe verlassen, wenn es um prompte Lieferung und hervorragenden Kundenservice geht. gbl online kaufen<\/p>\n<p>&nbsp;<\/p>\n<p>&nbsp;<\/p>\n<ol start=\"1\">\n<li style=\"list-style-type: none;\">\n<ul>\n<li><\/li>\n<\/ul>\n<\/li>\n<\/ol>","protected":false},"excerpt":{"rendered":"<h1><a href=\"https:\/\/puregbl.com\/de\/produkt\/gamma-butyrolacton-gbl-2l\/\">Gamma-Butyrolacton GBL 2L | GBL Onlie kaufen<\/a><\/h1>\n<p>Gamma-Butyrolacton GBL 2l ist eine hygroskopische, farblose Fl\u00fcssigkeit mit einem schwachen, charakteristischen Geruch und weitgehend geschmacksneutral. Sie sind herzlich eingeladen, GBL im Pure GBL Online Shop zu bestellen.<\/p>","protected":false},"featured_media":5396,"comment_status":"open","ping_status":"closed","template":"","meta":[],"product_brand":[],"product_cat":[26],"product_tag":[340,334,336,327,328,331,338,330,329,337,332,335,339,333,247,244,248,242,246,238,245,249,237,239,240,241,243],"class_list":{"0":"post-5392","1":"product","2":"type-product","3":"status-publish","4":"has-post-thumbnail","6":"product_cat-products","7":"product_tag-buygblcleaneronline","8":"product_tag-buygblonline","9":"product_tag-buypuregbl","10":"product_tag-gblbuyaustralia","11":"product_tag-gblbuycanada","12":"product_tag-gblbuyeurope","13":"product_tag-gblbuyonline","14":"product_tag-gblbuyuk","15":"product_tag-gblbuyusa","16":"product_tag-gblcleaner","17":"product_tag-gblonline","18":"product_tag-gblonlinestore","19":"product_tag-gblproducts","20":"product_tag-gblshop","21":"product_tag-1000-ml-gbl","22":"product_tag-best-gbl-vendor","23":"product_tag-gbl-buy","24":"product_tag-gbl-cleaner-usa","25":"product_tag-gbl-lab","26":"product_tag-gbl-mag-cleaner","27":"product_tag-gbl-nail-polish-remover-brands","28":"product_tag-gbl-vs-ghb","29":"product_tag-gbl-wheel-brite-review","30":"product_tag-grabushome-magic-cleaner","31":"product_tag-how-to-extract-gbl","32":"product_tag-renewtrient-for-sale","33":"product_tag-shop-and-clean-gbl","35":"first","36":"instock","37":"shipping-taxable","38":"purchasable","39":"product-type-simple","40":"add-to-wishlist-after_add_to_cart"},"_links":{"self":[{"href":"https:\/\/puregbl.com\/de\/wp-json\/wp\/v2\/product\/5392","targetHints":{"allow":["GET"]}}],"collection":[{"href":"https:\/\/puregbl.com\/de\/wp-json\/wp\/v2\/product"}],"about":[{"href":"https:\/\/puregbl.com\/de\/wp-json\/wp\/v2\/types\/product"}],"replies":[{"embeddable":true,"href":"https:\/\/puregbl.com\/de\/wp-json\/wp\/v2\/comments?post=5392"}],"wp:featuredmedia":[{"embeddable":true,"href":"https:\/\/puregbl.com\/de\/wp-json\/wp\/v2\/media\/5396"}],"wp:attachment":[{"href":"https:\/\/puregbl.com\/de\/wp-json\/wp\/v2\/media?parent=5392"}],"wp:term":[{"taxonomy":"product_brand","embeddable":true,"href":"https:\/\/puregbl.com\/de\/wp-json\/wp\/v2\/product_brand?post=5392"},{"taxonomy":"product_cat","embeddable":true,"href":"https:\/\/puregbl.com\/de\/wp-json\/wp\/v2\/product_cat?post=5392"},{"taxonomy":"product_tag","embeddable":true,"href":"https:\/\/puregbl.com\/de\/wp-json\/wp\/v2\/product_tag?post=5392"}],"curies":[{"name":"wp","href":"https:\/\/api.w.org\/{rel}","templated":true}]}}