{"id":5236,"date":"2021-01-17T05:07:15","date_gmt":"2021-01-17T05:07:15","guid":{"rendered":"http:\/\/puregbl.com\/?page_id=6"},"modified":"2026-03-27T11:59:31","modified_gmt":"2026-03-27T11:59:31","slug":"tienda","status":"publish","type":"page","link":"https:\/\/puregbl.com\/es\/shop\/","title":{"rendered":"Tienda"},"content":{"rendered":"<div class=\"wp-block-group has-background is-nowrap is-layout-flex wp-container-core-group-is-layout-ad2f72ca wp-block-group-is-layout-flex\" style=\"background-color:#f2f5f7\">\n<div class=\"wp-block-columns is-layout-flex wp-container-core-columns-is-layout-9d6595d7 wp-block-columns-is-layout-flex\">\n<div class=\"wp-block-column is-layout-flow wp-block-column-is-layout-flow\">\n<p>Bienvenido a PURE GBL, Nos gustar\u00eda que supieras que GBL, o Gamma-Butirolactona, es un compuesto qu\u00edmico ampliamente utilizado en diversas industrias debido a su eficacia como agente de limpieza, decapante y disolvente. Al comprar GBL, es crucial encontrar un proveedor fiable y de buena reputaci\u00f3n que se adhiere a la estricta seguridad y directrices reglamentarias. Antes de realizar una compra, PURE GBL est\u00e1 a su disposici\u00f3n para asegurarse de que comprende el uso previsto del GBL y de que consulta todas las fichas de datos de seguridad pertinentes (<a href=\"https:\/\/en.wikipedia.org\/wiki\/%CE%93-Butyrolactone\" rel=\"nofollow noopener\">SDS<\/a>) para comprender los peligros potenciales y las precauciones necesarias. El uso inadecuado de productos qu\u00edmicos como GBL puede ser peligroso, por lo que es esencial seguir todas las directrices y normas de seguridad. Para obtener m\u00e1s informaci\u00f3n sobre la compra de GBL, incluidos precios, plazos de entrega y cantidades del pedido, p\u00f3ngase en contacto con nuestro equipo de atenci\u00f3n al cliente. Nos dedicamos a proporcionar productos de alta calidad centrados en la seguridad y la satisfacci\u00f3n del cliente. No dude en <a href=\"https:\/\/puregbl.com\/es\/tienda\/\">lugar<\/a> su pedido ahora o P\u00f3ngase en contacto con nosotros lo antes posible si tiene preguntas sobre su pedido\u00a0<\/p>\n<\/div>\n<\/div>\n<\/div>","protected":false},"excerpt":{"rendered":"<p>Welcome to PURE GBL, We would like you to know that GBL, or Gamma-Butyrolactone, is a chemical compound widely used in various industries due to its effectiveness as a cleaning agent, paint stripper, and solvent. When buying GBL, it&#8217;s crucial to find a reliable and reputable supplier that adheres to strict safety and regulatory guidelines. [&hellip;]<\/p>\n","protected":false},"author":2,"featured_media":0,"parent":0,"menu_order":0,"comment_status":"closed","ping_status":"closed","template":"","meta":{"footnotes":""},"class_list":["post-5236","page","type-page","status-publish","hentry"],"_links":{"self":[{"href":"https:\/\/puregbl.com\/es\/wp-json\/wp\/v2\/pages\/5236","targetHints":{"allow":["GET"]}}],"collection":[{"href":"https:\/\/puregbl.com\/es\/wp-json\/wp\/v2\/pages"}],"about":[{"href":"https:\/\/puregbl.com\/es\/wp-json\/wp\/v2\/types\/page"}],"author":[{"embeddable":true,"href":"https:\/\/puregbl.com\/es\/wp-json\/wp\/v2\/users\/2"}],"replies":[{"embeddable":true,"href":"https:\/\/puregbl.com\/es\/wp-json\/wp\/v2\/comments?post=5236"}],"version-history":[{"count":1,"href":"https:\/\/puregbl.com\/es\/wp-json\/wp\/v2\/pages\/5236\/revisions"}],"predecessor-version":[{"id":5970,"href":"https:\/\/puregbl.com\/es\/wp-json\/wp\/v2\/pages\/5236\/revisions\/5970"}],"wp:attachment":[{"href":"https:\/\/puregbl.com\/es\/wp-json\/wp\/v2\/media?parent=5236"}],"curies":[{"name":"wp","href":"https:\/\/api.w.org\/{rel}","templated":true}]}}