{"id":5323,"date":"2024-01-25T13:48:33","date_gmt":"2024-01-25T13:48:33","guid":{"rendered":"https:\/\/puregbl.com\/?page_id=5323"},"modified":"2024-01-25T14:41:25","modified_gmt":"2024-01-25T14:41:25","slug":"resenas","status":"publish","type":"page","link":"https:\/\/puregbl.com\/es\/reviews\/","title":{"rendered":"RESE\u00d1AS"},"content":{"rendered":"<div data-elementor-type=\"wp-page\" data-elementor-id=\"5323\" class=\"elementor elementor-5323\">\n\t\t\t\t\t\t<section class=\"elementor-section elementor-top-section elementor-element elementor-element-e54922a elementor-section-boxed elementor-section-height-default elementor-section-height-default\" data-id=\"e54922a\" data-element_type=\"section\" data-e-type=\"section\">\n\t\t\t\t\t\t<div class=\"elementor-container elementor-column-gap-default\">\n\t\t\t\t\t<div class=\"elementor-column elementor-col-100 elementor-top-column elementor-element elementor-element-9f21d6b\" data-id=\"9f21d6b\" data-element_type=\"column\" data-e-type=\"column\">\n\t\t\t<div class=\"elementor-widget-wrap elementor-element-populated\">\n\t\t\t\t\t\t<section class=\"elementor-section elementor-inner-section elementor-element elementor-element-b2c9a15 elementor-section-boxed elementor-section-height-default elementor-section-height-default\" data-id=\"b2c9a15\" data-element_type=\"section\" data-e-type=\"section\">\n\t\t\t\t\t\t<div class=\"elementor-container elementor-column-gap-default\">\n\t\t\t\t\t<div class=\"elementor-column elementor-col-100 elementor-inner-column elementor-element elementor-element-711e0d4\" data-id=\"711e0d4\" data-element_type=\"column\" data-e-type=\"column\">\n\t\t\t<div class=\"elementor-widget-wrap elementor-element-populated\">\n\t\t\t\t\t\t<div class=\"elementor-element elementor-element-041ee90 elementor-widget elementor-widget-ts-testimonial\" data-id=\"041ee90\" data-element_type=\"widget\" data-e-type=\"widget\" data-widget_type=\"ts-testimonial.default\">\n\t\t\t\t<div class=\"elementor-widget-container\">\n\t\t\t\t\t\t\t\t<div class=\"ts-testimonial-wrapper ts-shortcode columns-2 text-default\" >\n\t\t\n\t\t\t\t<div class=\"items\">\n\t\t\t\t\t\t\t\t\t<div class=\"item\">\n\t\t\t\t\t\t<blockquote>\n\t\t\t\t\t\t\n\t\t\t\t\t\t\t<div class=\"content\">\n\t\t\t\t\t\t\t\t \n\t\t\t\t\t\t\t\t\t\u00a1Gracias por mantener tu palabra!. Lo tengo\t\t\t\t\t\t\t\t\t\t\t\t\t\t\t<\/div>\n\n\t\t\t\t\t\t\t<div class=\"author-role\">\n\t\t\t\t\t\t\t\n\t\t\t\t\t\t\t\t\t\t\t\t\t\t\t\t<div class=\"image\">\n\t\t\t\t\t\t\t\t\t<img alt='' src='https:\/\/secure.gravatar.com\/avatar\/36372005490c87539412d293868a293e91187b44a31b2ef2428dc62cc87bf54d?s=120&#038;d=mm&#038;r=g' srcset='https:\/\/secure.gravatar.com\/avatar\/36372005490c87539412d293868a293e91187b44a31b2ef2428dc62cc87bf54d?s=240&#038;d=mm&#038;r=g 2x' class='avatar avatar-120 photo' height='120' width='120' \/>\t\t\t\t\t\t\t\t<\/div>\n\t\t\t\t\t\t\t\t\t\t\t\t\t\t\t\t\n\t\t\t\t\t\t\t\t<div class=\"author-date\">\n\t\t\t\t\t\t\t\t\t\t\t\t\t\t\t\t\t\t<span class=\"author\">\n\t\t\t\t\t\t\t\t\t\t<a href=\"http:\/\/Puregbl.com\" target=\"_blank\" rel=\"nofollow noopener\">Terence<\/a>\n\t\t\t\t\t\t\t\t\t<\/span>\n\t\t\t\t\t\t\t\t\t\t\t\t\t\t\t\t\t\t\n\t\t\t\t\t\t\t\t\t\t\t\t\t\t\t\t\t\t\n\t\t\t\t\t\t\t\t\t\t\t\t\t\t\t\t\t\t\n\t\t\t\t\t\t\t\t\t\t\t\t\t\t\t\t\t\t\t<div class=\"rating\" title=\"Rated 5 out of 5\">\n\t\t\t\t\t\t\t\t\t\t\t<span style=\"width: 100%\">Rated 5 out of 5<\/span>\n\t\t\t\t\t\t\t\t\t\t<\/div>\n\t\t\t\t\t\t\t\t\t\t\t\t\t\t\t\t\t<\/div>\n\t\t\t\t\t\t\t\t\n\t\t\t\t\t\t\t<\/div>\n\t\t\t\t\t\t\t\n\t\t\t\t\t\t<\/blockquote>\n\t\t\t\t\t<\/div>\n\t\t\t\t\t\t\t\t\t\t<div class=\"item\">\n\t\t\t\t\t\t<blockquote>\n\t\t\t\t\t\t\n\t\t\t\t\t\t\t<div class=\"content\">\n\t\t\t\t\t\t\t\t \n\t\t\t\t\t\t\t\t\tGracias, aunque lleg\u00f3 un d\u00eda m\u00e1s tarde de la fecha de entrega prevista.\t\t\t\t\t\t\t\t\t\t\t\t\t\t\t<\/div>\n\n\t\t\t\t\t\t\t<div class=\"author-role\">\n\t\t\t\t\t\t\t\n\t\t\t\t\t\t\t\t\t\t\t\t\t\t\t\t<div class=\"image\">\n\t\t\t\t\t\t\t\t\t<img alt='' src='https:\/\/secure.gravatar.com\/avatar\/36372005490c87539412d293868a293e91187b44a31b2ef2428dc62cc87bf54d?s=120&#038;d=mm&#038;r=g' srcset='https:\/\/secure.gravatar.com\/avatar\/36372005490c87539412d293868a293e91187b44a31b2ef2428dc62cc87bf54d?s=240&#038;d=mm&#038;r=g 2x' class='avatar avatar-120 photo' height='120' width='120' \/>\t\t\t\t\t\t\t\t<\/div>\n\t\t\t\t\t\t\t\t\t\t\t\t\t\t\t\t\n\t\t\t\t\t\t\t\t<div class=\"author-date\">\n\t\t\t\t\t\t\t\t\t\t\t\t\t\t\t\t\t\t<span class=\"author\">\n\t\t\t\t\t\t\t\t\t\t<a href=\"http:\/\/Puregbl.com\" target=\"_blank\" rel=\"nofollow noopener\">John Palmer<\/a>\n\t\t\t\t\t\t\t\t\t<\/span>\n\t\t\t\t\t\t\t\t\t\t\t\t\t\t\t\t\t\t\n\t\t\t\t\t\t\t\t\t\t\t\t\t\t\t\t\t\t\n\t\t\t\t\t\t\t\t\t\t\t\t\t\t\t\t\t\t\n\t\t\t\t\t\t\t\t\t\t\t\t\t\t\t\t\t\t\t<div class=\"rating\" title=\"Rated 5 out of 5\">\n\t\t\t\t\t\t\t\t\t\t\t<span style=\"width: 100%\">Rated 5 out of 5<\/span>\n\t\t\t\t\t\t\t\t\t\t<\/div>\n\t\t\t\t\t\t\t\t\t\t\t\t\t\t\t\t\t<\/div>\n\t\t\t\t\t\t\t\t\n\t\t\t\t\t\t\t<\/div>\n\t\t\t\t\t\t\t\n\t\t\t\t\t\t<\/blockquote>\n\t\t\t\t\t<\/div>\n\t\t\t\t\t\t\t\t\t\t<div class=\"item\">\n\t\t\t\t\t\t<blockquote>\n\t\t\t\t\t\t\n\t\t\t\t\t\t\t<div class=\"content\">\n\t\t\t\t\t\t\t\t \n\t\t\t\t\t\t\t\t\tEl limpiador de llantas GBL es el mejor que he usado nunca. Tiene un pH equilibrado, es seguro para todo tipo de llantas y no da\u00f1a el acabado. Mis ruedas nunca han tenido tan buen aspecto. \u00a1Gracias por un producto incre\u00edble!\t\t\t\t\t\t\t\t\t\t\t\t\t\t\t<\/div>\n\n\t\t\t\t\t\t\t<div class=\"author-role\">\n\t\t\t\t\t\t\t\n\t\t\t\t\t\t\t\t\t\t\t\t\t\t\t\t<div class=\"image\">\n\t\t\t\t\t\t\t\t\t<img alt='' src='https:\/\/secure.gravatar.com\/avatar\/36372005490c87539412d293868a293e91187b44a31b2ef2428dc62cc87bf54d?s=120&#038;d=mm&#038;r=g' srcset='https:\/\/secure.gravatar.com\/avatar\/36372005490c87539412d293868a293e91187b44a31b2ef2428dc62cc87bf54d?s=240&#038;d=mm&#038;r=g 2x' class='avatar avatar-120 photo' height='120' width='120' \/>\t\t\t\t\t\t\t\t<\/div>\n\t\t\t\t\t\t\t\t\t\t\t\t\t\t\t\t\n\t\t\t\t\t\t\t\t<div class=\"author-date\">\n\t\t\t\t\t\t\t\t\t\t\t\t\t\t\t\t\t\t<span class=\"author\">\n\t\t\t\t\t\t\t\t\t\t<a href=\"http:\/\/Puregbl.com\" target=\"_blank\" rel=\"nofollow noopener\">Max<\/a>\n\t\t\t\t\t\t\t\t\t<\/span>\n\t\t\t\t\t\t\t\t\t\t\t\t\t\t\t\t\t\t\n\t\t\t\t\t\t\t\t\t\t\t\t\t\t\t\t\t\t\n\t\t\t\t\t\t\t\t\t\t\t\t\t\t\t\t\t\t\n\t\t\t\t\t\t\t\t\t\t\t\t\t\t\t\t\t\t\t<div class=\"rating\" title=\"Rated 5 out of 5\">\n\t\t\t\t\t\t\t\t\t\t\t<span style=\"width: 100%\">Rated 5 out of 5<\/span>\n\t\t\t\t\t\t\t\t\t\t<\/div>\n\t\t\t\t\t\t\t\t\t\t\t\t\t\t\t\t\t<\/div>\n\t\t\t\t\t\t\t\t\n\t\t\t\t\t\t\t<\/div>\n\t\t\t\t\t\t\t\n\t\t\t\t\t\t<\/blockquote>\n\t\t\t\t\t<\/div>\n\t\t\t\t\t\t\t\t\t\t<div class=\"item\">\n\t\t\t\t\t\t<blockquote>\n\t\t\t\t\t\t\n\t\t\t\t\t\t\t<div class=\"content\">\n\t\t\t\t\t\t\t\t \n\t\t\t\t\t\t\t\t\tEl producto es bueno y lleg\u00f3 a tiempo, volver\u00e9 a pedirlo, os recomiendo encarecidamente.\t\t\t\t\t\t\t\t\t\t\t\t\t\t\t<\/div>\n\n\t\t\t\t\t\t\t<div class=\"author-role\">\n\t\t\t\t\t\t\t\n\t\t\t\t\t\t\t\t\t\t\t\t\t\t\t\t<div class=\"image\">\n\t\t\t\t\t\t\t\t\t<img alt='' src='https:\/\/secure.gravatar.com\/avatar\/36372005490c87539412d293868a293e91187b44a31b2ef2428dc62cc87bf54d?s=120&#038;d=mm&#038;r=g' srcset='https:\/\/secure.gravatar.com\/avatar\/36372005490c87539412d293868a293e91187b44a31b2ef2428dc62cc87bf54d?s=240&#038;d=mm&#038;r=g 2x' class='avatar avatar-120 photo' height='120' width='120' \/>\t\t\t\t\t\t\t\t<\/div>\n\t\t\t\t\t\t\t\t\t\t\t\t\t\t\t\t\n\t\t\t\t\t\t\t\t<div class=\"author-date\">\n\t\t\t\t\t\t\t\t\t\t\t\t\t\t\t\t\t\t<span class=\"author\">\n\t\t\t\t\t\t\t\t\t\t<a href=\"http:\/\/Puregbl.com\" target=\"_blank\" rel=\"nofollow noopener\">Lad<\/a>\n\t\t\t\t\t\t\t\t\t<\/span>\n\t\t\t\t\t\t\t\t\t\t\t\t\t\t\t\t\t\t\n\t\t\t\t\t\t\t\t\t\t\t\t\t\t\t\t\t\t\n\t\t\t\t\t\t\t\t\t\t\t\t\t\t\t\t\t\t\n\t\t\t\t\t\t\t\t\t\t\t\t\t\t\t\t\t\t\t<div class=\"rating\" title=\"Rated 5 out of 5\">\n\t\t\t\t\t\t\t\t\t\t\t<span style=\"width: 100%\">Rated 5 out of 5<\/span>\n\t\t\t\t\t\t\t\t\t\t<\/div>\n\t\t\t\t\t\t\t\t\t\t\t\t\t\t\t\t\t<\/div>\n\t\t\t\t\t\t\t\t\n\t\t\t\t\t\t\t<\/div>\n\t\t\t\t\t\t\t\n\t\t\t\t\t\t<\/blockquote>\n\t\t\t\t\t<\/div>\n\t\t\t\t\t\t\t\t\t\t<div class=\"item\">\n\t\t\t\t\t\t<blockquote>\n\t\t\t\t\t\t\n\t\t\t\t\t\t\t<div class=\"content\">\n\t\t\t\t\t\t\t\t \n\t\t\t\t\t\t\t\t\t\u00a1Por fin un limpiador de ruedas que funciona de verdad! GBL elimina el polvo y la suciedad de los frenos sin esfuerzo. Es seguro para todo tipo de llantas, y los resultados son incre\u00edbles. Mi coche parece mucho mejor ahora. Muy recomendable\t\t\t\t\t\t\t\t\t\t\t\t\t\t\t<\/div>\n\n\t\t\t\t\t\t\t<div class=\"author-role\">\n\t\t\t\t\t\t\t\n\t\t\t\t\t\t\t\t\t\t\t\t\t\t\t\t<div class=\"image\">\n\t\t\t\t\t\t\t\t\t<img alt='' src='https:\/\/secure.gravatar.com\/avatar\/36372005490c87539412d293868a293e91187b44a31b2ef2428dc62cc87bf54d?s=120&#038;d=mm&#038;r=g' srcset='https:\/\/secure.gravatar.com\/avatar\/36372005490c87539412d293868a293e91187b44a31b2ef2428dc62cc87bf54d?s=240&#038;d=mm&#038;r=g 2x' class='avatar avatar-120 photo' height='120' width='120' \/>\t\t\t\t\t\t\t\t<\/div>\n\t\t\t\t\t\t\t\t\t\t\t\t\t\t\t\t\n\t\t\t\t\t\t\t\t<div class=\"author-date\">\n\t\t\t\t\t\t\t\t\t\t\t\t\t\t\t\t\t\t<span class=\"author\">\n\t\t\t\t\t\t\t\t\t\t<a href=\"http:\/\/Puregbl.com\" target=\"_blank\" rel=\"nofollow noopener\">Anny<\/a>\n\t\t\t\t\t\t\t\t\t<\/span>\n\t\t\t\t\t\t\t\t\t\t\t\t\t\t\t\t\t\t\n\t\t\t\t\t\t\t\t\t\t\t\t\t\t\t\t\t\t\n\t\t\t\t\t\t\t\t\t\t\t\t\t\t\t\t\t\t\n\t\t\t\t\t\t\t\t\t\t\t\t\t\t\t\t\t\t\t<div class=\"rating\" title=\"Rated 4.5 out of 5\">\n\t\t\t\t\t\t\t\t\t\t\t<span style=\"width: 90%\">Rated 4.5 out of 5<\/span>\n\t\t\t\t\t\t\t\t\t\t<\/div>\n\t\t\t\t\t\t\t\t\t\t\t\t\t\t\t\t\t<\/div>\n\t\t\t\t\t\t\t\t\n\t\t\t\t\t\t\t<\/div>\n\t\t\t\t\t\t\t\n\t\t\t\t\t\t<\/blockquote>\n\t\t\t\t\t<\/div>\n\t\t\t\t\t\t\t\t\t\t<div class=\"item\">\n\t\t\t\t\t\t<blockquote>\n\t\t\t\t\t\t\n\t\t\t\t\t\t\t<div class=\"content\">\n\t\t\t\t\t\t\t\t \n\t\t\t\t\t\t\t\t\tGBL Wheel Cleaner vale cada d\u00f3lar. Es potente pero seguro, y me ha facilitado mucho la limpieza de las ruedas. La espuma se adhiere a la superficie, levantando la suciedad y el polvo de los frenos sin esfuerzo. Mis ruedas nunca han tenido mejor aspecto\t\t\t\t\t\t\t\t\t\t\t\t\t\t\t<\/div>\n\n\t\t\t\t\t\t\t<div class=\"author-role\">\n\t\t\t\t\t\t\t\n\t\t\t\t\t\t\t\t\t\t\t\t\t\t\t\t<div class=\"image\">\n\t\t\t\t\t\t\t\t\t<img alt='' src='https:\/\/secure.gravatar.com\/avatar\/36372005490c87539412d293868a293e91187b44a31b2ef2428dc62cc87bf54d?s=120&#038;d=mm&#038;r=g' srcset='https:\/\/secure.gravatar.com\/avatar\/36372005490c87539412d293868a293e91187b44a31b2ef2428dc62cc87bf54d?s=240&#038;d=mm&#038;r=g 2x' class='avatar avatar-120 photo' height='120' width='120' \/>\t\t\t\t\t\t\t\t<\/div>\n\t\t\t\t\t\t\t\t\t\t\t\t\t\t\t\t\n\t\t\t\t\t\t\t\t<div class=\"author-date\">\n\t\t\t\t\t\t\t\t\t\t\t\t\t\t\t\t\t\t<span class=\"author\">\n\t\t\t\t\t\t\t\t\t\t<a href=\"http:\/\/Puregbl.com\" target=\"_blank\" rel=\"nofollow noopener\">Williams<\/a>\n\t\t\t\t\t\t\t\t\t<\/span>\n\t\t\t\t\t\t\t\t\t\t\t\t\t\t\t\t\t\t\n\t\t\t\t\t\t\t\t\t\t\t\t\t\t\t\t\t\t\n\t\t\t\t\t\t\t\t\t\t\t\t\t\t\t\t\t\t\n\t\t\t\t\t\t\t\t\t\t\t\t\t\t\t\t\t\t\t<div class=\"rating\" title=\"Rated 5 out of 5\">\n\t\t\t\t\t\t\t\t\t\t\t<span style=\"width: 100%\">Rated 5 out of 5<\/span>\n\t\t\t\t\t\t\t\t\t\t<\/div>\n\t\t\t\t\t\t\t\t\t\t\t\t\t\t\t\t\t<\/div>\n\t\t\t\t\t\t\t\t\n\t\t\t\t\t\t\t<\/div>\n\t\t\t\t\t\t\t\n\t\t\t\t\t\t<\/blockquote>\n\t\t\t\t\t<\/div>\n\t\t\t\t\t\t\t\t\t\t<div class=\"item\">\n\t\t\t\t\t\t<blockquote>\n\t\t\t\t\t\t\n\t\t\t\t\t\t\t<div class=\"content\">\n\t\t\t\t\t\t\t\t \n\t\t\t\t\t\t\t\t\tSu GBL es de gran calidad, como era de esperar, pero esto es m\u00e1s una cr\u00edtica de esta plataforma que de los Productos que ofrecen. \u00a1Son maravillosos! Su servicio de atenci\u00f3n al cliente es r\u00e1pido y extremadamente \u00fatil 10 sobre 10 \ud83d\udc4d. Volver\u00e9 a pedir 10L el mes que viene\t\t\t\t\t\t\t\t\t\t\t\t\t\t\t<\/div>\n\n\t\t\t\t\t\t\t<div class=\"author-role\">\n\t\t\t\t\t\t\t\n\t\t\t\t\t\t\t\t\t\t\t\t\t\t\t\t<div class=\"image\">\n\t\t\t\t\t\t\t\t\t<img decoding=\"async\" width=\"44\" height=\"44\" src=\"https:\/\/puregbl.com\/wp-content\/uploads\/2022\/03\/author.jpg\" class=\"attachment-120x120 size-120x120 wp-post-image\" alt=\"\" \/>\t\t\t\t\t\t\t\t<\/div>\n\t\t\t\t\t\t\t\t\t\t\t\t\t\t\t\t\n\t\t\t\t\t\t\t\t<div class=\"author-date\">\n\t\t\t\t\t\t\t\t\t\t\t\t\t\t\t\t\t\t<span class=\"author\">\n\t\t\t\t\t\t\t\t\t\t<a href=\"#\" target=\"_blank\">Louise T.<\/a>\n\t\t\t\t\t\t\t\t\t<\/span>\n\t\t\t\t\t\t\t\t\t\t\t\t\t\t\t\t\t\t\n\t\t\t\t\t\t\t\t\t\t\t\t\t\t\t\t\t\t\n\t\t\t\t\t\t\t\t\t\t\t\t\t\t\t\t\t\t\n\t\t\t\t\t\t\t\t\t\t\t\t\t\t\t\t\t\t\t<div class=\"rating\" title=\"Rated 4 out of 5\">\n\t\t\t\t\t\t\t\t\t\t\t<span style=\"width: 80%\">Rated 4 out of 5<\/span>\n\t\t\t\t\t\t\t\t\t\t<\/div>\n\t\t\t\t\t\t\t\t\t\t\t\t\t\t\t\t\t<\/div>\n\t\t\t\t\t\t\t\t\n\t\t\t\t\t\t\t<\/div>\n\t\t\t\t\t\t\t\n\t\t\t\t\t\t<\/blockquote>\n\t\t\t\t\t<\/div>\n\t\t\t\t\t\t\t\t\t\t<div class=\"item\">\n\t\t\t\t\t\t<blockquote>\n\t\t\t\t\t\t\n\t\t\t\t\t\t\t<div class=\"content\">\n\t\t\t\t\t\t\t\t \n\t\t\t\t\t\t\t\t\tUn poco m\u00e1s caro que otros vendedores, pero vale la pena el precio porque su producto es el mejor, recib\u00ed el paquete ayer y pens\u00e9 que era prudente dejar un consejo aqu\u00ed hoy.\r\n\r\n&nbsp;\t\t\t\t\t\t\t\t\t\t\t\t\t\t\t<\/div>\n\n\t\t\t\t\t\t\t<div class=\"author-role\">\n\t\t\t\t\t\t\t\n\t\t\t\t\t\t\t\t\t\t\t\t\t\t\t\t<div class=\"image\">\n\t\t\t\t\t\t\t\t\t<img decoding=\"async\" width=\"44\" height=\"44\" src=\"https:\/\/puregbl.com\/wp-content\/uploads\/2022\/03\/author.jpg\" class=\"attachment-120x120 size-120x120 wp-post-image\" alt=\"\" \/>\t\t\t\t\t\t\t\t<\/div>\n\t\t\t\t\t\t\t\t\t\t\t\t\t\t\t\t\n\t\t\t\t\t\t\t\t<div class=\"author-date\">\n\t\t\t\t\t\t\t\t\t\t\t\t\t\t\t\t\t\t<span class=\"author\">\n\t\t\t\t\t\t\t\t\t\t<a href=\"#\" target=\"_blank\">Adulf Levis<\/a>\n\t\t\t\t\t\t\t\t\t<\/span>\n\t\t\t\t\t\t\t\t\t\t\t\t\t\t\t\t\t\t\n\t\t\t\t\t\t\t\t\t\t\t\t\t\t\t\t\t\t\n\t\t\t\t\t\t\t\t\t\t\t\t\t\t\t\t\t\t\n\t\t\t\t\t\t\t\t\t\t\t\t\t\t\t\t\t\t\t<div class=\"rating\" title=\"Rated 4 out of 5\">\n\t\t\t\t\t\t\t\t\t\t\t<span style=\"width: 80%\">Rated 4 out of 5<\/span>\n\t\t\t\t\t\t\t\t\t\t<\/div>\n\t\t\t\t\t\t\t\t\t\t\t\t\t\t\t\t\t<\/div>\n\t\t\t\t\t\t\t\t\n\t\t\t\t\t\t\t<\/div>\n\t\t\t\t\t\t\t\n\t\t\t\t\t\t<\/blockquote>\n\t\t\t\t\t<\/div>\n\t\t\t\t\t\t\t\t\t\t<div class=\"item\">\n\t\t\t\t\t\t<blockquote>\n\t\t\t\t\t\t\n\t\t\t\t\t\t\t<div class=\"content\">\n\t\t\t\t\t\t\t\t \n\t\t\t\t\t\t\t\t\tPor lo menos, un sitio web que puedo confiar y recomendar, son 100% legit y realmente me encanta su servicio al cliente, es muy \u00fatil. El paquete aterriz\u00f3 ayer Gracias Balca\t\t\t\t\t\t\t\t\t\t\t\t\t\t\t<\/div>\n\n\t\t\t\t\t\t\t<div class=\"author-role\">\n\t\t\t\t\t\t\t\n\t\t\t\t\t\t\t\t\t\t\t\t\t\t\t\t<div class=\"image\">\n\t\t\t\t\t\t\t\t\t<img decoding=\"async\" width=\"44\" height=\"44\" src=\"https:\/\/puregbl.com\/wp-content\/uploads\/2022\/03\/author.jpg\" class=\"attachment-120x120 size-120x120 wp-post-image\" alt=\"\" \/>\t\t\t\t\t\t\t\t<\/div>\n\t\t\t\t\t\t\t\t\t\t\t\t\t\t\t\t\n\t\t\t\t\t\t\t\t<div class=\"author-date\">\n\t\t\t\t\t\t\t\t\t\t\t\t\t\t\t\t\t\t<span class=\"author\">\n\t\t\t\t\t\t\t\t\t\t<a href=\"#\" target=\"_blank\">Desmond P.<\/a>\n\t\t\t\t\t\t\t\t\t<\/span>\n\t\t\t\t\t\t\t\t\t\t\t\t\t\t\t\t\t\t\n\t\t\t\t\t\t\t\t\t\t\t\t\t\t\t\t\t\t\n\t\t\t\t\t\t\t\t\t\t\t\t\t\t\t\t\t\t\n\t\t\t\t\t\t\t\t\t\t\t\t\t\t\t\t\t\t\t<div class=\"rating\" title=\"Rated 4 out of 5\">\n\t\t\t\t\t\t\t\t\t\t\t<span style=\"width: 80%\">Rated 4 out of 5<\/span>\n\t\t\t\t\t\t\t\t\t\t<\/div>\n\t\t\t\t\t\t\t\t\t\t\t\t\t\t\t\t\t<\/div>\n\t\t\t\t\t\t\t\t\n\t\t\t\t\t\t\t<\/div>\n\t\t\t\t\t\t\t\n\t\t\t\t\t\t<\/blockquote>\n\t\t\t\t\t<\/div>\n\t\t\t\t\t\t\t\t\t\t<div class=\"item\">\n\t\t\t\t\t\t<blockquote>\n\t\t\t\t\t\t\n\t\t\t\t\t\t\t<div class=\"content\">\n\t\t\t\t\t\t\t\t \n\t\t\t\t\t\t\t\t\t\u00a1Gracias por mantener tu palabra!. Lo tengo\t\t\t\t\t\t\t\t\t\t\t\t\t\t\t<\/div>\n\n\t\t\t\t\t\t\t<div class=\"author-role\">\n\t\t\t\t\t\t\t\n\t\t\t\t\t\t\t\t\t\t\t\t\t\t\t\t<div class=\"image\">\n\t\t\t\t\t\t\t\t\t<img decoding=\"async\" width=\"44\" height=\"44\" src=\"https:\/\/puregbl.com\/wp-content\/uploads\/2022\/03\/author.jpg\" class=\"attachment-120x120 size-120x120 wp-post-image\" alt=\"\" \/>\t\t\t\t\t\t\t\t<\/div>\n\t\t\t\t\t\t\t\t\t\t\t\t\t\t\t\t\n\t\t\t\t\t\t\t\t<div class=\"author-date\">\n\t\t\t\t\t\t\t\t\t\t\t\t\t\t\t\t\t\t<span class=\"author\">\n\t\t\t\t\t\t\t\t\t\t<a href=\"#\" target=\"_blank\">Terrerence K.<\/a>\n\t\t\t\t\t\t\t\t\t<\/span>\n\t\t\t\t\t\t\t\t\t\t\t\t\t\t\t\t\t\t\n\t\t\t\t\t\t\t\t\t\t\t\t\t\t\t\t\t\t\n\t\t\t\t\t\t\t\t\t\t\t\t\t\t\t\t\t\t\n\t\t\t\t\t\t\t\t\t\t\t\t\t\t\t\t\t\t\t<div class=\"rating\" title=\"Rated 5 out of 5\">\n\t\t\t\t\t\t\t\t\t\t\t<span style=\"width: 100%\">Rated 5 out of 5<\/span>\n\t\t\t\t\t\t\t\t\t\t<\/div>\n\t\t\t\t\t\t\t\t\t\t\t\t\t\t\t\t\t<\/div>\n\t\t\t\t\t\t\t\t\n\t\t\t\t\t\t\t<\/div>\n\t\t\t\t\t\t\t\n\t\t\t\t\t\t<\/blockquote>\n\t\t\t\t\t<\/div>\n\t\t\t\t\t\t\t\t\t\t<div class=\"item\">\n\t\t\t\t\t\t<blockquote>\n\t\t\t\t\t\t\n\t\t\t\t\t\t\t<div class=\"content\">\n\t\t\t\t\t\t\t\t \n\t\t\t\t\t\t\t\t\tGracias, aunque lleg\u00f3 un d\u00eda m\u00e1s tarde de la fecha de entrega prevista.\t\t\t\t\t\t\t\t\t\t\t\t\t\t\t<\/div>\n\n\t\t\t\t\t\t\t<div class=\"author-role\">\n\t\t\t\t\t\t\t\n\t\t\t\t\t\t\t\t\t\t\t\t\t\t\t\t<div class=\"image\">\n\t\t\t\t\t\t\t\t\t<img decoding=\"async\" width=\"44\" height=\"44\" src=\"https:\/\/puregbl.com\/wp-content\/uploads\/2022\/03\/author.jpg\" class=\"attachment-120x120 size-120x120 wp-post-image\" alt=\"\" \/>\t\t\t\t\t\t\t\t<\/div>\n\t\t\t\t\t\t\t\t\t\t\t\t\t\t\t\t\n\t\t\t\t\t\t\t\t<div class=\"author-date\">\n\t\t\t\t\t\t\t\t\t\t\t\t\t\t\t\t\t\t<span class=\"author\">\n\t\t\t\t\t\t\t\t\t\t<a href=\"#\" target=\"_blank\">John Palmer<\/a>\n\t\t\t\t\t\t\t\t\t<\/span>\n\t\t\t\t\t\t\t\t\t\t\t\t\t\t\t\t\t\t\n\t\t\t\t\t\t\t\t\t\t\t\t\t\t\t\t\t\t\n\t\t\t\t\t\t\t\t\t\t\t\t\t\t\t\t\t\t\n\t\t\t\t\t\t\t\t\t\t\t\t\t\t\t\t\t\t\t<div class=\"rating\" title=\"Rated 1 out of 5\">\n\t\t\t\t\t\t\t\t\t\t\t<span style=\"width: 20%\">Rated 1 out of 5<\/span>\n\t\t\t\t\t\t\t\t\t\t<\/div>\n\t\t\t\t\t\t\t\t\t\t\t\t\t\t\t\t\t<\/div>\n\t\t\t\t\t\t\t\t\n\t\t\t\t\t\t\t<\/div>\n\t\t\t\t\t\t\t\n\t\t\t\t\t\t<\/blockquote>\n\t\t\t\t\t<\/div>\n\t\t\t\t\t\t\t\t\t<\/div>\n\t\t\t<\/div>\n\t\t\t\t\t\t\t<\/div>\n\t\t\t\t<\/div>\n\t\t\t\t\t<\/div>\n\t\t<\/div>\n\t\t\t\t\t<\/div>\n\t\t<\/section>\n\t\t\t\t\t<\/div>\n\t\t<\/div>\n\t\t\t\t\t<\/div>\n\t\t<\/section>\n\t\t\t\t<\/div>","protected":false},"excerpt":{"rendered":"<p>Lorem Ipsum is simply dummy text of the printing and typesetting industry. Lorem Ipsum has been the industry&#039;s standard. John Doe Rated 4 out of 5 Lorem Ipsum is simply dummy text of the printing and typesetting industry. Lorem Ipsum has been the industry&#039;s standard. John Doe Rated 4 out of 5 Lorem Ipsum is [&hellip;]<\/p>\n","protected":false},"author":2,"featured_media":0,"parent":0,"menu_order":0,"comment_status":"closed","ping_status":"closed","template":"","meta":{"footnotes":""},"class_list":["post-5323","page","type-page","status-publish","hentry"],"_links":{"self":[{"href":"https:\/\/puregbl.com\/es\/wp-json\/wp\/v2\/pages\/5323","targetHints":{"allow":["GET"]}}],"collection":[{"href":"https:\/\/puregbl.com\/es\/wp-json\/wp\/v2\/pages"}],"about":[{"href":"https:\/\/puregbl.com\/es\/wp-json\/wp\/v2\/types\/page"}],"author":[{"embeddable":true,"href":"https:\/\/puregbl.com\/es\/wp-json\/wp\/v2\/users\/2"}],"replies":[{"embeddable":true,"href":"https:\/\/puregbl.com\/es\/wp-json\/wp\/v2\/comments?post=5323"}],"version-history":[{"count":0,"href":"https:\/\/puregbl.com\/es\/wp-json\/wp\/v2\/pages\/5323\/revisions"}],"wp:attachment":[{"href":"https:\/\/puregbl.com\/es\/wp-json\/wp\/v2\/media?parent=5323"}],"curies":[{"name":"wp","href":"https:\/\/api.w.org\/{rel}","templated":true}]}}