{"id":5492,"date":"2024-01-26T13:25:32","date_gmt":"2024-01-26T13:25:32","guid":{"rendered":"https:\/\/puregbl.com\/?page_id=5492"},"modified":"2025-03-19T19:10:05","modified_gmt":"2025-03-19T19:10:05","slug":"venta-al-por-mayor","status":"publish","type":"page","link":"https:\/\/puregbl.com\/es\/wholesale\/","title":{"rendered":"MAYORISTA"},"content":{"rendered":"<h2>Ofrecemos Suministro a GRANEL de Gamma-Butirolactona (GBL), nuestras cantidades Entero<\/h2>\n<p>- 500 litros<br \/>\n- 1000 litros<br \/>\n- 5000 litros<br \/>\n- 10.000 litros<\/p>\n<p>Nuestros precios al por mayor son 100% negociable en contacto con nosotros a trav\u00e9s de correo electr\u00f3nico o al instante para discutir la compra a granel<\/p>\n<p><b>Comprar 5L GBL Online:<\/b><\/p>\n<p>La gamma butirolactona (GBL) es un compuesto qu\u00edmico utilizado en diversas aplicaciones industriales y comerciales, como disolvente, producto intermedio en la s\u00edntesis de productos farmac\u00e9uticos y agente de limpieza. En los \u00faltimos a\u00f1os, ha habido una creciente demanda de GBL en cantidades al por mayor, con opciones como 500L, 1000L y 5000L cada vez m\u00e1s populares entre las empresas. Este ensayo analiza las ventajas de comprar GBL en grandes cantidades, centr\u00e1ndose en las ventajas que ofrece a las empresas en t\u00e9rminos de rentabilidad, gesti\u00f3n de la cadena de suministro y eficiencia general.<\/p>\n<p><img fetchpriority=\"high\" decoding=\"async\" src=\"http:\/\/puregbl.com\/wp-content\/uploads\/2024\/01\/Screenshot-2024-01-26-at-15.55-1024x1022.jpg\" sizes=\"(max-width: 1024px) 100vw, 1024px\" srcset=\"https:\/\/puregbl.com\/wp-content\/uploads\/2024\/01\/Screenshot-2024-01-26-at-15.55-1024x1022.jpg 1024w, https:\/\/puregbl.com\/wp-content\/uploads\/2024\/01\/Screenshot-2024-01-26-at-15.55-300x300.jpg 300w, https:\/\/puregbl.com\/wp-content\/uploads\/2024\/01\/Screenshot-2024-01-26-at-15.55-150x150.jpg 150w, https:\/\/puregbl.com\/wp-content\/uploads\/2024\/01\/Screenshot-2024-01-26-at-15.55-768x767.jpg 768w, https:\/\/puregbl.com\/wp-content\/uploads\/2024\/01\/Screenshot-2024-01-26-at-15.55-120x120.jpg 120w, https:\/\/puregbl.com\/wp-content\/uploads\/2024\/01\/Screenshot-2024-01-26-at-15.55-480x480.jpg 480w, https:\/\/puregbl.com\/wp-content\/uploads\/2024\/01\/Screenshot-2024-01-26-at-15.55-630x629.jpg 630w, https:\/\/puregbl.com\/wp-content\/uploads\/2024\/01\/Screenshot-2024-01-26-at-15.55-100x100.jpg 100w, https:\/\/puregbl.com\/wp-content\/uploads\/2024\/01\/Screenshot-2024-01-26-at-15.55-54x54.jpg 54w, https:\/\/puregbl.com\/wp-content\/uploads\/2024\/01\/Screenshot-2024-01-26-at-15.55-310x310.jpg 310w, https:\/\/puregbl.com\/wp-content\/uploads\/2024\/01\/Screenshot-2024-01-26-at-15.55-80x80.jpg 80w, https:\/\/puregbl.com\/wp-content\/uploads\/2024\/01\/Screenshot-2024-01-26-at-15.55.jpg 1200w\" alt=\"\" width=\"1024\" height=\"1022\" \/><\/p>\n<p><b style=\"letter-spacing: 0.4px;\">BUY Gamma-Butirolactona (GBL) Online:<\/b><\/p>\n<p>Una de las principales ventajas de comprar GBL al por mayor es su rentabilidad. Comprar al por mayor suele permitir a las empresas beneficiarse de econom\u00edas de escala, lo que se traduce en menores costes por unidad. Esto puede suponer un importante ahorro de costes, especialmente para las empresas que tienen una gran demanda de GBL en sus operaciones. Adem\u00e1s, comprar en cantidades al por mayor tambi\u00e9n puede reducir el impacto de las fluctuaciones de precios en el mercado, proporcionando a las empresas una mayor estabilidad en sus costes de adquisici\u00f3n.<\/p>\n<p>Adem\u00e1s, la compra de GBL en cantidades al por mayor puede agilizar la cadena de suministro y los procesos de gesti\u00f3n de inventarios para las empresas. Al comprar grandes vol\u00famenes de una vez, las empresas pueden reducir la frecuencia de los pedidos y las tareas administrativas asociadas. Esto puede mejorar la eficiencia y ahorrar costes en t\u00e9rminos de procesamiento de pedidos, transporte y almacenamiento. Adem\u00e1s, tener a mano un suministro amplio y constante de GBL puede ayudar a las empresas a satisfacer sus necesidades operativas y de producci\u00f3n sin riesgo de escasez de suministro.<\/p>\n<p><b>D\u00f3nde comprar GBL (Gamma-Butirolactona) a granel:<\/b><\/p>\n<p>En conclusi\u00f3n, la compra de GBL en cantidades al por mayor, como 500L, 1000L o 5000L, ofrece varias ventajas a las empresas en t\u00e9rminos de rentabilidad, gesti\u00f3n de la cadena de suministro y eficiencia general. Al aprovechar las econom\u00edas de escala y racionalizar sus procesos de adquisici\u00f3n, las empresas pueden posicionarse para el \u00e9xito en sus respectivos sectores. A medida que la demanda de GBL sigue creciendo, las opciones de compra al por mayor presentan una oportunidad atractiva para las empresas que buscan optimizar sus operaciones y maximizar sus recursos.<\/p>\n<p><img decoding=\"async\" src=\"http:\/\/puregbl.com\/wp-content\/uploads\/2024\/01\/Screenshot-2024-01-26-at-15.51.04-1024x705.jpg\" sizes=\"(max-width: 1024px) 100vw, 1024px\" srcset=\"https:\/\/puregbl.com\/wp-content\/uploads\/2024\/01\/Screenshot-2024-01-26-at-15.51.04-1024x705.jpg 1024w, https:\/\/puregbl.com\/wp-content\/uploads\/2024\/01\/Screenshot-2024-01-26-at-15.51.04-300x207.jpg 300w, https:\/\/puregbl.com\/wp-content\/uploads\/2024\/01\/Screenshot-2024-01-26-at-15.51.04-768x529.jpg 768w, https:\/\/puregbl.com\/wp-content\/uploads\/2024\/01\/Screenshot-2024-01-26-at-15.51.04-630x434.jpg 630w, https:\/\/puregbl.com\/wp-content\/uploads\/2024\/01\/Screenshot-2024-01-26-at-15.51.04.jpg 1200w\" alt=\"\" width=\"1024\" height=\"705\" \/><\/p>\n<section data-product_id=\"5395\">\n<figure><img decoding=\"async\" src=\"http:\/\/puregbl.com\/wp-content\/uploads\/2024\/01\/20-mockup-480x480.jpg\" sizes=\"(max-width: 480px) 100vw, 480px\" srcset=\"https:\/\/puregbl.com\/wp-content\/uploads\/2024\/01\/20-mockup-480x480.jpg 480w, https:\/\/puregbl.com\/wp-content\/uploads\/2024\/01\/20-mockup-300x300.jpg 300w, https:\/\/puregbl.com\/wp-content\/uploads\/2024\/01\/20-mockup-1024x1024.jpg 1024w, https:\/\/puregbl.com\/wp-content\/uploads\/2024\/01\/20-mockup-150x150.jpg 150w, https:\/\/puregbl.com\/wp-content\/uploads\/2024\/01\/20-mockup-768x768.jpg 768w, https:\/\/puregbl.com\/wp-content\/uploads\/2024\/01\/20-mockup-120x120.jpg 120w, https:\/\/puregbl.com\/wp-content\/uploads\/2024\/01\/20-mockup-1536x1536.jpg 1536w, https:\/\/puregbl.com\/wp-content\/uploads\/2024\/01\/20-mockup-2048x2048.jpg 2048w, https:\/\/puregbl.com\/wp-content\/uploads\/2024\/01\/20-mockup-630x630.jpg 630w, https:\/\/puregbl.com\/wp-content\/uploads\/2024\/01\/20-mockup-100x100.jpg 100w, https:\/\/puregbl.com\/wp-content\/uploads\/2024\/01\/20-mockup-54x54.jpg 54w, https:\/\/puregbl.com\/wp-content\/uploads\/2024\/01\/20-mockup-310x310.jpg 310w, https:\/\/puregbl.com\/wp-content\/uploads\/2024\/01\/20-mockup-80x80.jpg 80w\" alt=\"Gamma-Butirolactona (GBL) 20LGamma-Butirolactona (GBL) 20L\" width=\"480\" height=\"480\" \/><\/figure>\n<p><a href=\"#\" data-product_id=\"5395\">Vista r\u00e1pida<\/a><br \/>\n<!-- ADD TO WISHLIST --><br \/>\n<a class=\"add_to_wishlist single_add_to_wishlist\" href=\"?add_to_wishlist=5395&amp;_wpnonce=bb69a8b6ef\" rel=\"nofollow\" data-product-id=\"5395\" data-product-type=\"simple\" data-original-product-id=\"0\" data-title=\"&lt;span class=&quot;ts-tooltip button-tooltip&quot; data-title=&quot;Add to wishlist&quot;&gt;Wishlist&lt;\/span&gt;\"><br \/>\nLista de deseos<br \/>\n<\/a><br \/>\n<!-- COUNT TEXT --><br \/>\n<a href=\"https:\/\/puregbl.com\/es\/?action=yith-woocompare-add-product&amp;id=5395\" data-product_id=\"5395\">Compara<\/a><\/p>\n<h3><a href=\"https:\/\/puregbl.com\/es\/producto\/gamma-butyrolactone-gbl-20l\/\">Gamma-Butirolactona (GBL) 20L<\/a><\/h3>\n<p><a href=\"https:\/\/puregbl.com\/es\/?action=yith-woocompare-add-product&amp;id=5395\" rel=\"nofollow\" data-product_id=\"5395\">Compara<\/a>Rated <strong>5.00<\/strong> de 5<br \/>\n<bdi>$1,500.00<\/bdi><br \/>\n<a href=\"?add-to-cart=5395\" rel=\"nofollow\" data-quantity=\"1\" data-product_id=\"5395\" data-product_sku=\"\" aria-label=\"A\u00f1adir a la cesta: \u201cGamma-Butirolactona (GBL) 20L\u201d\" data-success_message=\"\u201cGamma-Butyrolactone (GBL) 20L\u201d has been added to your cart\">A\u00f1adir a la cesta<\/a><\/p>\n<\/section>\n<section data-product_id=\"5394\">\n<figure><img loading=\"lazy\" decoding=\"async\" src=\"http:\/\/puregbl.com\/wp-content\/uploads\/2024\/01\/10-480x480.jpg\" sizes=\"(max-width: 480px) 100vw, 480px\" srcset=\"https:\/\/puregbl.com\/wp-content\/uploads\/2024\/01\/10-480x480.jpg 480w, https:\/\/puregbl.com\/wp-content\/uploads\/2024\/01\/10-300x300.jpg 300w, https:\/\/puregbl.com\/wp-content\/uploads\/2024\/01\/10-1024x1024.jpg 1024w, https:\/\/puregbl.com\/wp-content\/uploads\/2024\/01\/10-150x150.jpg 150w, https:\/\/puregbl.com\/wp-content\/uploads\/2024\/01\/10-768x768.jpg 768w, https:\/\/puregbl.com\/wp-content\/uploads\/2024\/01\/10-120x120.jpg 120w, https:\/\/puregbl.com\/wp-content\/uploads\/2024\/01\/10-1536x1536.jpg 1536w, https:\/\/puregbl.com\/wp-content\/uploads\/2024\/01\/10-2048x2048.jpg 2048w, https:\/\/puregbl.com\/wp-content\/uploads\/2024\/01\/10-630x630.jpg 630w, https:\/\/puregbl.com\/wp-content\/uploads\/2024\/01\/10-100x100.jpg 100w, https:\/\/puregbl.com\/wp-content\/uploads\/2024\/01\/10-54x54.jpg 54w, https:\/\/puregbl.com\/wp-content\/uploads\/2024\/01\/10-310x310.jpg 310w, https:\/\/puregbl.com\/wp-content\/uploads\/2024\/01\/10-80x80.jpg 80w\" alt=\"Gamma-Butirolactona (GBL) 10L\" width=\"480\" height=\"480\" \/><\/figure>\n<p><a href=\"#\" data-product_id=\"5394\">Vista r\u00e1pida<\/a><br \/>\n<!-- ADD TO WISHLIST --><br \/>\n<a class=\"add_to_wishlist single_add_to_wishlist\" href=\"?add_to_wishlist=5394&amp;_wpnonce=bb69a8b6ef\" rel=\"nofollow\" data-product-id=\"5394\" data-product-type=\"simple\" data-original-product-id=\"0\" data-title=\"&lt;span class=&quot;ts-tooltip button-tooltip&quot; data-title=&quot;Add to wishlist&quot;&gt;Wishlist&lt;\/span&gt;\"><br \/>\nLista de deseos<br \/>\n<\/a><br \/>\n<!-- COUNT TEXT --><br \/>\n<a href=\"https:\/\/puregbl.com\/es\/?action=yith-woocompare-add-product&amp;id=5394\" data-product_id=\"5394\">Compara<\/a><\/p>\n<h3><a href=\"https:\/\/puregbl.com\/es\/producto\/gamma-butyrolactone-gbl-10l\/\">Gamma-Butirolactona (GBL) 10L<\/a><\/h3>\n<p><a href=\"https:\/\/puregbl.com\/es\/?action=yith-woocompare-add-product&amp;id=5394\" rel=\"nofollow\" data-product_id=\"5394\">Compara<\/a>Rated <strong>0<\/strong> de 5<br \/>\n<bdi>$850.00<\/bdi><br \/>\n<a href=\"?add-to-cart=5394\" rel=\"nofollow\" data-quantity=\"1\" data-product_id=\"5394\" data-product_sku=\"\" aria-label=\"A\u00f1adir a la cesta: \u201cGamma-Butirolactona (GBL) 10L\u201d\" data-success_message=\"\u201cGamma-Butyrolactone (GBL) 10L\u201d has been added to your cart\">A\u00f1adir a la cesta<\/a><\/p>\n<\/section>\n<section data-product_id=\"5393\">\n<figure><img loading=\"lazy\" decoding=\"async\" src=\"http:\/\/puregbl.com\/wp-content\/uploads\/2024\/01\/5-mockup-480x480.jpg\" sizes=\"(max-width: 480px) 100vw, 480px\" srcset=\"https:\/\/puregbl.com\/wp-content\/uploads\/2024\/01\/5-mockup-480x480.jpg 480w, https:\/\/puregbl.com\/wp-content\/uploads\/2024\/01\/5-mockup-300x300.jpg 300w, https:\/\/puregbl.com\/wp-content\/uploads\/2024\/01\/5-mockup-1024x1024.jpg 1024w, https:\/\/puregbl.com\/wp-content\/uploads\/2024\/01\/5-mockup-150x150.jpg 150w, https:\/\/puregbl.com\/wp-content\/uploads\/2024\/01\/5-mockup-768x768.jpg 768w, https:\/\/puregbl.com\/wp-content\/uploads\/2024\/01\/5-mockup-120x120.jpg 120w, https:\/\/puregbl.com\/wp-content\/uploads\/2024\/01\/5-mockup-1536x1536.jpg 1536w, https:\/\/puregbl.com\/wp-content\/uploads\/2024\/01\/5-mockup-2048x2048.jpg 2048w, https:\/\/puregbl.com\/wp-content\/uploads\/2024\/01\/5-mockup-630x630.jpg 630w, https:\/\/puregbl.com\/wp-content\/uploads\/2024\/01\/5-mockup-100x100.jpg 100w, https:\/\/puregbl.com\/wp-content\/uploads\/2024\/01\/5-mockup-54x54.jpg 54w, https:\/\/puregbl.com\/wp-content\/uploads\/2024\/01\/5-mockup-310x310.jpg 310w, https:\/\/puregbl.com\/wp-content\/uploads\/2024\/01\/5-mockup-80x80.jpg 80w\" alt=\"Gamma-Butirolactona (GBL) 5L\" width=\"480\" height=\"480\" \/><\/figure>\n<p><a href=\"#\" data-product_id=\"5393\">Vista r\u00e1pida<\/a><br \/>\n<!-- ADD TO WISHLIST --><br \/>\n<a class=\"add_to_wishlist single_add_to_wishlist\" href=\"?add_to_wishlist=5393&amp;_wpnonce=bb69a8b6ef\" rel=\"nofollow\" data-product-id=\"5393\" data-product-type=\"simple\" data-original-product-id=\"0\" data-title=\"&lt;span class=&quot;ts-tooltip button-tooltip&quot; data-title=&quot;Add to wishlist&quot;&gt;Wishlist&lt;\/span&gt;\"><br \/>\nLista de deseos<br \/>\n<\/a><br \/>\n<!-- COUNT TEXT --><br \/>\n<a href=\"https:\/\/puregbl.com\/es\/?action=yith-woocompare-add-product&amp;id=5393\" data-product_id=\"5393\">Compara<\/a><\/p>\n<h3><a href=\"https:\/\/puregbl.com\/es\/producto\/gamma-butirolactona-gbl-5l\/\">Gamma-Butirolactona (GBL) 5L<\/a><\/h3>\n<p><a href=\"https:\/\/puregbl.com\/es\/?action=yith-woocompare-add-product&amp;id=5393\" rel=\"nofollow\" data-product_id=\"5393\">Compara<\/a>Rated <strong>5.00<\/strong> de 5<br \/>\n<bdi>$450.00<\/bdi><br \/>\n<a href=\"?add-to-cart=5393\" rel=\"nofollow\" data-quantity=\"1\" data-product_id=\"5393\" data-product_sku=\"\" aria-label=\"A\u00f1adir a la cesta: \u201cGamma-Butirolactona (GBL) 5L\u201d\" data-success_message=\"\u201cGamma-Butyrolactone (GBL) 5L\u201d has been added to your cart\">A\u00f1adir a la cesta<\/a><\/p>\n<\/section>\n<section data-product_id=\"5392\">\n<figure><img loading=\"lazy\" decoding=\"async\" src=\"http:\/\/puregbl.com\/wp-content\/uploads\/2024\/01\/2-mockup-copy-480x480.jpg\" sizes=\"(max-width: 480px) 100vw, 480px\" srcset=\"https:\/\/puregbl.com\/wp-content\/uploads\/2024\/01\/2-mockup-copy-480x480.jpg 480w, https:\/\/puregbl.com\/wp-content\/uploads\/2024\/01\/2-mockup-copy-300x300.jpg 300w, https:\/\/puregbl.com\/wp-content\/uploads\/2024\/01\/2-mockup-copy-1024x1024.jpg 1024w, https:\/\/puregbl.com\/wp-content\/uploads\/2024\/01\/2-mockup-copy-150x150.jpg 150w, https:\/\/puregbl.com\/wp-content\/uploads\/2024\/01\/2-mockup-copy-768x768.jpg 768w, https:\/\/puregbl.com\/wp-content\/uploads\/2024\/01\/2-mockup-copy-120x120.jpg 120w, https:\/\/puregbl.com\/wp-content\/uploads\/2024\/01\/2-mockup-copy-1536x1536.jpg 1536w, https:\/\/puregbl.com\/wp-content\/uploads\/2024\/01\/2-mockup-copy-2048x2048.jpg 2048w, https:\/\/puregbl.com\/wp-content\/uploads\/2024\/01\/2-mockup-copy-630x630.jpg 630w, https:\/\/puregbl.com\/wp-content\/uploads\/2024\/01\/2-mockup-copy-100x100.jpg 100w, https:\/\/puregbl.com\/wp-content\/uploads\/2024\/01\/2-mockup-copy-54x54.jpg 54w, https:\/\/puregbl.com\/wp-content\/uploads\/2024\/01\/2-mockup-copy-310x310.jpg 310w, https:\/\/puregbl.com\/wp-content\/uploads\/2024\/01\/2-mockup-copy-80x80.jpg 80w\" alt=\"Gamma-Butirolactona (GBL) 2L\" width=\"480\" height=\"480\" \/><\/figure>\n<p><a href=\"#\" data-product_id=\"5392\">Vista r\u00e1pida<\/a><br \/>\n<!-- ADD TO WISHLIST --><br \/>\n<a class=\"add_to_wishlist single_add_to_wishlist\" href=\"?add_to_wishlist=5392&amp;_wpnonce=bb69a8b6ef\" rel=\"nofollow\" data-product-id=\"5392\" data-product-type=\"simple\" data-original-product-id=\"0\" data-title=\"&lt;span class=&quot;ts-tooltip button-tooltip&quot; data-title=&quot;Add to wishlist&quot;&gt;Wishlist&lt;\/span&gt;\"><br \/>\nLista de deseos<br \/>\n<\/a><br \/>\n<!-- COUNT TEXT --><br \/>\n<a href=\"https:\/\/puregbl.com\/es\/?action=yith-woocompare-add-product&amp;id=5392\" data-product_id=\"5392\">Compara<\/a><\/p>\n<h3><a href=\"https:\/\/puregbl.com\/es\/producto\/gamma-butyrolactone-gbl-2l\/\">Gamma-Butirolactona (GBL) 2L<\/a><\/h3>\n<p><a href=\"https:\/\/puregbl.com\/es\/?action=yith-woocompare-add-product&amp;id=5392\" rel=\"nofollow\" data-product_id=\"5392\">Compara<\/a>Rated <strong>5.00<\/strong> de 5<br \/>\n<bdi>$250.00<\/bdi><br \/>\n<a href=\"?add-to-cart=5392\" rel=\"nofollow\" data-quantity=\"1\" data-product_id=\"5392\" data-product_sku=\"\" aria-label=\"A\u00f1adir a la cesta: \u201cGamma-Butirolactona (GBL) 2L\u201d\" data-success_message=\"\u201cGamma-Butyrolactone (GBL) 2L\u201d has been added to your cart\">A\u00f1adir a la cesta<\/a><\/p>\n<\/section>","protected":false},"excerpt":{"rendered":"<p>We offer BULK Supply of Gamma-Butyrolactone (GBL), our Whole quantities &#8211; 500 Liters &#8211; 1000 Liters &#8211; 5000 Liters &#8211; 10,000 Liters Our Wholesales prices are 100% negotiable contact us through email or instant to discuss bulk purchase Buy 5L GBL Online: Gamma-Butyrolactone (GBL) is a chemical compound used in various industrial and commercial applications, [&hellip;]<\/p>\n","protected":false},"author":2,"featured_media":0,"parent":0,"menu_order":0,"comment_status":"closed","ping_status":"closed","template":"","meta":{"footnotes":""},"class_list":["post-5492","page","type-page","status-publish","hentry"],"_links":{"self":[{"href":"https:\/\/puregbl.com\/es\/wp-json\/wp\/v2\/pages\/5492","targetHints":{"allow":["GET"]}}],"collection":[{"href":"https:\/\/puregbl.com\/es\/wp-json\/wp\/v2\/pages"}],"about":[{"href":"https:\/\/puregbl.com\/es\/wp-json\/wp\/v2\/types\/page"}],"author":[{"embeddable":true,"href":"https:\/\/puregbl.com\/es\/wp-json\/wp\/v2\/users\/2"}],"replies":[{"embeddable":true,"href":"https:\/\/puregbl.com\/es\/wp-json\/wp\/v2\/comments?post=5492"}],"version-history":[{"count":0,"href":"https:\/\/puregbl.com\/es\/wp-json\/wp\/v2\/pages\/5492\/revisions"}],"wp:attachment":[{"href":"https:\/\/puregbl.com\/es\/wp-json\/wp\/v2\/media?parent=5492"}],"curies":[{"name":"wp","href":"https:\/\/api.w.org\/{rel}","templated":true}]}}