{"id":5393,"date":"2024-01-26T09:32:07","date_gmt":"2024-01-26T09:32:07","guid":{"rendered":"https:\/\/puregbl.com\/?post_type=product&#038;p=5393"},"modified":"2025-12-13T11:20:37","modified_gmt":"2025-12-13T11:20:37","slug":"gamma-butyrolactone-gbl-5l","status":"publish","type":"product","link":"https:\/\/puregbl.com\/fr\/product\/gamma-butyrolactone-gbl-5l\/","title":{"rendered":"Gamma-Butyrolactone GBL 5L"},"content":{"rendered":"<h1><a href=\"https:\/\/puregbl.com\/fr\/produit\/gamma-butyrolactone-gbl-5l\/\">Gamma-Butyrolactone GBL 5L | GBL \u00e0 vendre Australie<\/a><\/h1>\n<p>Gamma-Butyrolactone (GBL) <a href=\"https:\/\/puregbl.com\/fr\/\">5L<\/a>, commun\u00e9ment appel\u00e9 GBL, est un compos\u00e9 chimique utilis\u00e9 dans diverses applications au sein de diff\u00e9rentes industries. En Australie, il est souvent recherch\u00e9 pour son efficacit\u00e9 en tant qu'agent de nettoyage, d\u00e9capant de peinture et m\u00eame comme solvant dans certaines r\u00e9actions chimiques.<\/p>\n<h2>Gamma-Butyrolactone (GBL) | GBL Europe<\/h2>\n<p>Lorsque vous commandez du GBL en Australie, il est important de vous assurer que vous traitez avec un fournisseur de bonne r\u00e9putation qui respecte les directives strictes en mati\u00e8re de s\u00e9curit\u00e9 et de r\u00e9glementation impos\u00e9es par les autorit\u00e9s australiennes. <a href=\"https:\/\/www.letstalkaboutit.nhs.uk\/directory-services\/chemsex-support\/ghbgbl-g\" rel=\"nofollow noopener\">GBL<\/a> n'est pas seulement puissant, il s'accompagne \u00e9galement d'exigences importantes en mati\u00e8re de manipulation afin de garantir la s\u00e9curit\u00e9 et la conformit\u00e9.<\/p>\n<h3>Acheter Gamma-Butyrolactone | GBL \u00e0 vendre Europe<\/h3>\n<p>Avant de passer une commande aupr\u00e8s de Pure GBL, veuillez v\u00e9rifier l'utilisation pr\u00e9vue et consulter toutes les fiches de donn\u00e9es de s\u00e9curit\u00e9 (FDS) pertinentes pour comprendre les risques potentiels. <a href=\"https:\/\/www.gov.uk\/government\/publications\/circular-0042022-gamma-butyrolactone-gbl-and-14-butanediol-14-bd-revocation-of-rescheduling\/circular-0042022-gamma-butyrolactone-gbl-and-14-butanediol-14-bd-revocation-of-rescheduling\" rel=\"nofollow noopener\">risques<\/a> et les pr\u00e9cautions n\u00e9cessaires. N'oubliez pas que l'utilisation inappropri\u00e9e de <a href=\"https:\/\/puregbl.com\/fr\/boutique\/\">Produits chimiques<\/a> comme <a href=\"https:\/\/www.sciencedirect.com\/topics\/medicine-and-dentistry\/gamma-butyrolactone\" rel=\"nofollow noopener\">GBL<\/a> peut \u00eatre dangereux, et il est essentiel de respecter toutes les r\u00e9glementations et lignes directrices.<\/p>\n<h3>Buy GBL 5L | GBL Canada<\/h3>\n<p>Pour plus d'informations sur l'achat de GBL en Australie, y compris les prix, les d\u00e9lais de livraison et les quantit\u00e9s command\u00e9es, veuillez contacter notre service client\u00e8le \u00e0 l'adresse suivante <a href=\"https:\/\/puregbl.com\/fr\/about-us\/\">Pure<\/a> GBL pour plus d'informations. Nous nous engageons \u00e0 fournir des produits de haute qualit\u00e9 en mettant l'accent sur la s\u00e9curit\u00e9 et la satisfaction du client.<\/p>","protected":false},"excerpt":{"rendered":"<h1><a href=\"https:\/\/puregbl.com\/fr\/produit\/gamma-butyrolactone-gbl-5l\/\">Gamma-Butyrolactone GBL 5L | GBL \u00e0 vendre Australie<\/a><\/h1>\n<p>Le gamma-butyrolactone GBL, commun\u00e9ment appel\u00e9 GBL, est un compos\u00e9 chimique utilis\u00e9 dans diverses applications au sein de diff\u00e9rentes industries<\/p>","protected":false},"featured_media":5398,"comment_status":"open","ping_status":"closed","template":"","meta":[],"product_brand":[],"product_cat":[26],"product_tag":[340,334,336,327,328,331,338,330,329,337,332,335,339,333,254,255,265,251,258,264,250,256,262,271,252,268,257,267,269,263,259,266,253,261,260,270],"class_list":{"0":"post-5393","1":"product","2":"type-product","3":"status-publish","4":"has-post-thumbnail","6":"product_cat-products","7":"product_tag-buygblcleaneronline","8":"product_tag-buygblonline","9":"product_tag-buypuregbl","10":"product_tag-gblbuyaustralia","11":"product_tag-gblbuycanada","12":"product_tag-gblbuyeurope","13":"product_tag-gblbuyonline","14":"product_tag-gblbuyuk","15":"product_tag-gblbuyusa","16":"product_tag-gblcleaner","17":"product_tag-gblonline","18":"product_tag-gblonlinestore","19":"product_tag-gblproducts","20":"product_tag-gblshop","21":"product_tag-254","22":"product_tag-4-butanediol-uk","23":"product_tag-buy-gbl-australia","24":"product_tag-buy-gbl-online-europe","25":"product_tag-buy-gbl-with-bitcoins","26":"product_tag-buy-gbl-with-credit-card","27":"product_tag-gamma-butyrolactone-price","28":"product_tag-gamma-butyrolactone-paint-remover","29":"product_tag-gbl-brake-cleaner-usa","30":"product_tag-gbl-buy-online-germany","31":"product_tag-gbl-cleaner","32":"product_tag-gbl-cleaner-for-sale-usa","33":"product_tag-gbl-drug","34":"product_tag-gbl-drug-for-sale-australia","35":"product_tag-gbl-for-sale-online-united-kingdom","36":"product_tag-gbl-industrial-cleaner-new-zealand-best-place-to-buy-gbl-new-zealand-gbl-suppliers-usa","37":"product_tag-gbl-magic-cleaner","38":"product_tag-gbl-next-day-delivery-brazil","39":"product_tag-gbl-overdose","40":"product_tag-gbl-wheel-cleaner-australia","41":"product_tag-gbl-wheel-cleaner-canada","42":"product_tag-ghb-buy-online-new-zealand","44":"first","45":"instock","46":"shipping-taxable","47":"purchasable","48":"product-type-simple","49":"add-to-wishlist-after_add_to_cart"},"_links":{"self":[{"href":"https:\/\/puregbl.com\/fr\/wp-json\/wp\/v2\/product\/5393","targetHints":{"allow":["GET"]}}],"collection":[{"href":"https:\/\/puregbl.com\/fr\/wp-json\/wp\/v2\/product"}],"about":[{"href":"https:\/\/puregbl.com\/fr\/wp-json\/wp\/v2\/types\/product"}],"replies":[{"embeddable":true,"href":"https:\/\/puregbl.com\/fr\/wp-json\/wp\/v2\/comments?post=5393"}],"wp:featuredmedia":[{"embeddable":true,"href":"https:\/\/puregbl.com\/fr\/wp-json\/wp\/v2\/media\/5398"}],"wp:attachment":[{"href":"https:\/\/puregbl.com\/fr\/wp-json\/wp\/v2\/media?parent=5393"}],"wp:term":[{"taxonomy":"product_brand","embeddable":true,"href":"https:\/\/puregbl.com\/fr\/wp-json\/wp\/v2\/product_brand?post=5393"},{"taxonomy":"product_cat","embeddable":true,"href":"https:\/\/puregbl.com\/fr\/wp-json\/wp\/v2\/product_cat?post=5393"},{"taxonomy":"product_tag","embeddable":true,"href":"https:\/\/puregbl.com\/fr\/wp-json\/wp\/v2\/product_tag?post=5393"}],"curies":[{"name":"wp","href":"https:\/\/api.w.org\/{rel}","templated":true}]}}