{"id":5794,"date":"2025-03-19T19:34:13","date_gmt":"2025-03-19T19:34:13","guid":{"rendered":"https:\/\/puregbl.com\/?post_type=product&#038;p=5794"},"modified":"2025-10-31T13:45:17","modified_gmt":"2025-10-31T13:45:17","slug":"acheter-gbl-en-ligne","status":"publish","type":"product","link":"https:\/\/puregbl.com\/fr\/product\/buy-gbl-online\/","title":{"rendered":"Acheter GBL en ligne"},"content":{"rendered":"<h1><a href=\"https:\/\/puregbl.com\/fr\/produit\/acheter-gbl-en-ligne\/\">Achat de GBL en ligne <strong>Gamma Butyrolactone (GBL)<\/strong>.<\/a><\/h1>\n<p>Acheter GBL en ligne, \u00e0 <strong>PureGBL<\/strong>, Nous sommes fiers d'\u00eatre le premier fournisseur en gros de produits de haute qualit\u00e9.\u00a0<strong>Gamma Butyrolactone (GBL)<\/strong>. Notre produit est m\u00e9ticuleusement emball\u00e9 dans des formats pratiques de\u00a0<strong>2L, 5L, 10L et 20L<\/strong>\u00a0pour r\u00e9pondre aux divers besoins des industries et des entreprises du monde entier. Que vous recherchiez un agent de nettoyage fiable, un solvant industriel polyvalent ou un produit chimique de haute performance pour des applications sp\u00e9cialis\u00e9es, PureGBL vous offre une qualit\u00e9 et une r\u00e9gularit\u00e9 in\u00e9gal\u00e9es.<\/p>\n<hr \/>\n<h3><strong>Acheter GBL en ligne | Qu'est-ce que le Gamma Butyrolactone (GBL) ?\u00a0<\/strong><\/h3>\n<p>Le gamma-butyrolactone (GBL) est un liquide incolore, miscible \u00e0 l'eau, qui a de nombreuses applications industrielles et commerciales. Connu pour ses excellentes propri\u00e9t\u00e9s de solvant, le GBL est un compos\u00e9 chimique tr\u00e8s efficace et polyvalent. Il est largement utilis\u00e9 dans des secteurs tels que la fabrication, le nettoyage, les produits pharmaceutiques, etc.<\/p>\n<hr \/>\n<h3><strong>Buy GBL Online | Utilisations du Gamma Butyrolactone (GBL)<\/strong><\/h3>\n<p>Le GBL est un produit chimique polyvalent qui a de nombreuses applications dans diverses industries. Voici quelques-unes de ses principales utilisations : Le GBL est un compos\u00e9 chimique polyvalent largement utilis\u00e9 dans diff\u00e9rents secteurs. Des applications industrielles aux applications pharmaceutiques, achetez du GBL en ligne pour tous vos besoins.<\/p>\n<h4><strong>1. Nettoyage industriel<\/strong><\/h4>\n<p>Le GBL est un puissant agent nettoyant qui \u00e9limine efficacement les r\u00e9sidus tenaces, les graisses et les contaminants des surfaces et des \u00e9quipements. Il est couramment utilis\u00e9 pour :<\/p>\n<ul>\n<li>D\u00e9graissage de machines et de pi\u00e8ces industrielles.<\/li>\n<li>Nettoyer les composants \u00e9lectroniques et les cartes de circuits imprim\u00e9s.<\/li>\n<li>Enlever les adh\u00e9sifs, les peintures et les rev\u00eatements.<\/li>\n<\/ul>\n<h4><strong>2. Synth\u00e8se chimique<\/strong><\/h4>\n<p>Le GBL est un interm\u00e9diaire essentiel dans la production de divers produits chimiques, notamment :<\/p>\n<ul>\n<li>Produits pharmaceutiques (par exemple, synth\u00e8se d'analogues du GABA).<\/li>\n<li>La N-M\u00e9thyl-2-Pyrrolidone (NMP), un solvant largement utilis\u00e9.<\/li>\n<li>Autres sp\u00e9cialit\u00e9s chimiques pour applications industrielles.<\/li>\n<\/ul>\n<h4><strong>3. D\u00e9capage de peintures et de rev\u00eatements<\/strong><\/h4>\n<p>Le GBL est un solvant efficace pour d\u00e9caper les peintures, les vernis et les rev\u00eatements des surfaces sans les endommager.<\/p>\n<h4><strong>4. Dissolvant pour vernis \u00e0 ongles<\/strong><\/h4>\n<p>Dans l'industrie cosm\u00e9tique, le GBL est utilis\u00e9 comme solvant dans les dissolvants de vernis \u00e0 ongles en raison de sa capacit\u00e9 \u00e0 dissoudre rapidement et efficacement le vernis.<\/p>\n<h4><strong>5. Autres applications industrielles<\/strong><\/h4>\n<ul>\n<li><strong>Retrait de l'adh\u00e9sif<\/strong>: Le GBL est utilis\u00e9 pour dissoudre et enlever les adh\u00e9sifs des surfaces.<\/li>\n<li><strong>Industrie textile<\/strong>: Il est utilis\u00e9 dans la production de fibres synth\u00e9tiques et de colorants.<\/li>\n<li><strong>\u00c9lectronique<\/strong>: Le GBL est utilis\u00e9 dans la fabrication et le nettoyage de composants \u00e9lectroniques.<\/li>\n<\/ul>\n<hr \/>\n<h3><strong>Avantages de l'utilisation du Gamma Butyrolactone (GBL) de PureGBL<\/strong><\/h3>\n<p>Lorsque vous choisissez\u00a0<strong>PureGBL<\/strong>, En choisissant le GBL, vous optez pour un produit qui se distingue par sa qualit\u00e9, sa fiabilit\u00e9 et ses performances. Voici pourquoi notre GBL est le meilleur choix pour vos besoins :<\/p>\n<h4><strong>1. Qualit\u00e9 sup\u00e9rieure<\/strong><\/h4>\n<p>Notre GBL est fabriqu\u00e9 selon les normes industrielles les plus strictes, ce qui garantit la puret\u00e9 et la coh\u00e9rence de chaque lot.<\/p>\n<h4><strong>2. La polyvalence<\/strong><\/h4>\n<p>Du nettoyage industriel \u00e0 la synth\u00e8se chimique, le GBL est un produit chimique multifonctionnel qui donne des r\u00e9sultats exceptionnels dans un large \u00e9ventail d'applications.<\/p>\n<h4><strong>3. Rentabilit\u00e9<\/strong><\/h4>\n<p>En achetant du GBL en vrac aupr\u00e8s de PureGBL, vous pouvez r\u00e9aliser d'importantes \u00e9conomies sans compromettre la qualit\u00e9.<\/p>\n<h4><strong>4. Respect de l'environnement<\/strong><\/h4>\n<p>Le GBL est un solvant biod\u00e9gradable, ce qui en fait un choix respectueux de l'environnement pour les industries qui cherchent \u00e0 r\u00e9duire leur empreinte \u00e9cologique.<\/p>\n<h4><strong>5. S\u00fbr et facile \u00e0 utiliser<\/strong><\/h4>\n<p>Lorsqu'il est manipul\u00e9 conform\u00e9ment aux consignes de s\u00e9curit\u00e9, le GBL est une solution s\u00fbre et efficace pour diverses applications industrielles et commerciales.<\/p>\n<hr \/>\n<h3><strong>Pourquoi choisir PureGBL ?<\/strong><\/h3>\n<p>Au\u00a0<strong>PureGBL<\/strong>, Nous nous engageons \u00e0 fournir \u00e0 nos clients les meilleurs produits et services. Voici ce qui nous distingue :<\/p>\n<ul>\n<li><strong>Fournisseur de confiance<\/strong>: Nous sommes reconnus comme l'un des fournisseurs les plus fiables de Gamma Butyrolactone (<a href=\"https:\/\/buypseudo.online\/blog\/\" rel=\"nofollow noopener\">GBL<\/a>) en ligne.<\/li>\n<li><strong>Prix comp\u00e9titifs<\/strong>: Nos prix de gros vous garantissent le meilleur rapport qualit\u00e9-prix pour votre investissement.<\/li>\n<li><strong>Exp\u00e9dition rapide<\/strong>: Nous offrons un service d'exp\u00e9dition rapide et s\u00fbr dans le monde entier.<\/li>\n<li><strong>Soutien \u00e0 la client\u00e8le<\/strong>: Notre \u00e9quipe d'experts est toujours disponible pour r\u00e9pondre \u00e0 vos questions sur les produits et les commandes.<\/li>\n<li><strong>Assurance qualit\u00e9<\/strong>: Chaque lot de GBL est rigoureusement test\u00e9 pour s'assurer qu'il r\u00e9pond aux normes les plus strictes en mati\u00e8re de puret\u00e9 et de performance.<\/li>\n<\/ul>\n<hr \/>\n<h3><strong>O\u00f9 acheter le Gamma Butyrolactone (GBL) ?<\/strong><\/h3>\n<p>Si vous recherchez un fournisseur de confiance de GBL de haute qualit\u00e9, ne cherchez pas plus loin que\u00a0<strong>PureGBL<\/strong>. Nous proposons le Gamma Butyrolactone en\u00a0<strong>2L, 5L, 10L et 20L<\/strong>\u00a0pour r\u00e9pondre \u00e0 vos besoins sp\u00e9cifiques.<\/p>\n<p>Visitez notre site web\u00a0<strong><a target=\"_blank\" rel=\"noreferrer\">www.PureGBL.com<\/a><\/strong>\u00a0pour passer votre commande d\u00e8s aujourd'hui. Que vous soyez une petite entreprise ou une grande entreprise industrielle, nous avons la solution qu'il vous faut.<\/p>\n<hr \/>\n<h3><strong>Buy GBL Online | Conclusion<\/strong><\/h3>\n<p>Le gamma-butyrolactone (GBL) est un produit chimique indispensable pour les industries qui exigent des agents de nettoyage et des solvants tr\u00e8s performants. Au\u00a0<strong>PureGBL<\/strong>, Nous sommes fiers d'\u00eatre le premier fournisseur de GBL de qualit\u00e9 sup\u00e9rieure, offrant une qualit\u00e9 in\u00e9gal\u00e9e, des prix comp\u00e9titifs et un service \u00e0 la client\u00e8le exceptionnel.<\/p>\n<p>Choisir\u00a0<strong>PureGBL<\/strong>\u00a0pour tous vos besoins en GBL et d\u00e9couvrez la diff\u00e9rence que peuvent faire la qualit\u00e9 et la fiabilit\u00e9. Passez votre commande d\u00e8s aujourd'hui et rejoignez la liste croissante des clients satisfaits qui nous font confiance en tant que fournisseur de Gamma Butyrolactone.<br \/>\n<a href=\"https:\/\/buypseudo.online\/\" rel=\"nofollow noopener\">Acheter des produits chimiques de recherche synth\u00e9tiques en ligne<\/a>, <a href=\"https:\/\/buypseudo.online\/product\/1-n-boc-4-phenylaminopiperidine-vendor\/\" rel=\"nofollow noopener\">FOURNISSEUR DE 1-N-BOC-4-(PH\u00c9NYLAMINO)PIP\u00c9RIDINE<\/a><\/p>\n<p><strong>PureGBL - Votre partenaire en mati\u00e8re de qualit\u00e9 et de performance.<\/strong><\/p>","protected":false},"excerpt":{"rendered":"<h1><a href=\"https:\/\/puregbl.com\/fr\/produit\/acheter-gbl-en-ligne\/\">Achat de GBL en ligne <strong>Gamma Butyrolactone (GBL)<\/strong>.<\/a><\/h1>\n<p><strong>PureGBL - Votre partenaire en mati\u00e8re de qualit\u00e9 et de performance.<\/strong><\/p>","protected":false},"featured_media":5800,"comment_status":"open","ping_status":"closed","template":"","meta":[],"product_brand":[],"product_cat":[26],"product_tag":[340,334,336,327,328,331,338,330,329,337,332,335,339,333,310,312,265,313,309,308,311],"class_list":{"0":"post-5794","1":"product","2":"type-product","3":"status-publish","4":"has-post-thumbnail","6":"product_cat-products","7":"product_tag-buygblcleaneronline","8":"product_tag-buygblonline","9":"product_tag-buypuregbl","10":"product_tag-gblbuyaustralia","11":"product_tag-gblbuycanada","12":"product_tag-gblbuyeurope","13":"product_tag-gblbuyonline","14":"product_tag-gblbuyuk","15":"product_tag-gblbuyusa","16":"product_tag-gblcleaner","17":"product_tag-gblonline","18":"product_tag-gblonlinestore","19":"product_tag-gblproducts","20":"product_tag-gblshop","21":"product_tag-5l-gbl-for-sale","22":"product_tag-best-place-to-buy-gbl","23":"product_tag-buy-gbl-australia","24":"product_tag-buy-gbl-europe","25":"product_tag-buy-gbl-online-usa","26":"product_tag-gbl-for-sale-online","27":"product_tag-pure-gbl-for-sale","29":"first","30":"instock","31":"shipping-taxable","32":"purchasable","33":"product-type-variable","34":"add-to-wishlist-after_add_to_cart"},"_links":{"self":[{"href":"https:\/\/puregbl.com\/fr\/wp-json\/wp\/v2\/product\/5794","targetHints":{"allow":["GET"]}}],"collection":[{"href":"https:\/\/puregbl.com\/fr\/wp-json\/wp\/v2\/product"}],"about":[{"href":"https:\/\/puregbl.com\/fr\/wp-json\/wp\/v2\/types\/product"}],"replies":[{"embeddable":true,"href":"https:\/\/puregbl.com\/fr\/wp-json\/wp\/v2\/comments?post=5794"}],"wp:featuredmedia":[{"embeddable":true,"href":"https:\/\/puregbl.com\/fr\/wp-json\/wp\/v2\/media\/5800"}],"wp:attachment":[{"href":"https:\/\/puregbl.com\/fr\/wp-json\/wp\/v2\/media?parent=5794"}],"wp:term":[{"taxonomy":"product_brand","embeddable":true,"href":"https:\/\/puregbl.com\/fr\/wp-json\/wp\/v2\/product_brand?post=5794"},{"taxonomy":"product_cat","embeddable":true,"href":"https:\/\/puregbl.com\/fr\/wp-json\/wp\/v2\/product_cat?post=5794"},{"taxonomy":"product_tag","embeddable":true,"href":"https:\/\/puregbl.com\/fr\/wp-json\/wp\/v2\/product_tag?post=5794"}],"curies":[{"name":"wp","href":"https:\/\/api.w.org\/{rel}","templated":true}]}}