{"id":5492,"date":"2024-01-26T13:25:32","date_gmt":"2024-01-26T13:25:32","guid":{"rendered":"https:\/\/puregbl.com\/?page_id=5492"},"modified":"2025-03-19T19:10:05","modified_gmt":"2025-03-19T19:10:05","slug":"allingrosso","status":"publish","type":"page","link":"https:\/\/puregbl.com\/it\/wholesale\/","title":{"rendered":"GROSSISTA"},"content":{"rendered":"<h2>Offriamo forniture in grandi quantit\u00e0 di gamma-butirrolattone (GBL), le nostre quantit\u00e0 intere<\/h2>\n<p>- 500 litri<br \/>\n- 1000 litri<br \/>\n- 5000 litri<br \/>\n- 10.000 litri<\/p>\n<p>I nostri prezzi all'ingrosso sono 100% negoziabili contattarci tramite e-mail o istantanea per discutere l'acquisto di massa<\/p>\n<p><b>Acquistare 5L GBL online:<\/b><\/p>\n<p>Il gamma-butirrolattone (GBL) \u00e8 un composto chimico utilizzato in diverse applicazioni industriali e commerciali, tra cui come solvente, intermedio nella sintesi di prodotti farmaceutici e come agente di pulizia. Negli ultimi anni si \u00e8 assistito a una crescente domanda di GBL in quantit\u00e0 all'ingrosso, con opzioni come 500L, 1000L e 5000L sempre pi\u00f9 popolari tra le aziende. Questo saggio analizzer\u00e0 i vantaggi dell'acquisto di GBL in quantit\u00e0 all'ingrosso, concentrandosi sui vantaggi che offre alle aziende in termini di economicit\u00e0, gestione della catena di approvvigionamento ed efficienza complessiva.Se state cercando di acquistare Gamma-Butyrolactone, noto anche come GBL, in grandi quantit\u00e0, come 500L, 1000L o 5000L, e avete bisogno di una spedizione all'estero, vi invitiamo a contattare il vostro fornitore.<\/p>\n<p><img fetchpriority=\"high\" decoding=\"async\" src=\"http:\/\/puregbl.com\/wp-content\/uploads\/2024\/01\/Screenshot-2024-01-26-at-15.55-1024x1022.jpg\" sizes=\"(max-width: 1024px) 100vw, 1024px\" srcset=\"https:\/\/puregbl.com\/wp-content\/uploads\/2024\/01\/Screenshot-2024-01-26-at-15.55-1024x1022.jpg 1024w, https:\/\/puregbl.com\/wp-content\/uploads\/2024\/01\/Screenshot-2024-01-26-at-15.55-300x300.jpg 300w, https:\/\/puregbl.com\/wp-content\/uploads\/2024\/01\/Screenshot-2024-01-26-at-15.55-150x150.jpg 150w, https:\/\/puregbl.com\/wp-content\/uploads\/2024\/01\/Screenshot-2024-01-26-at-15.55-768x767.jpg 768w, https:\/\/puregbl.com\/wp-content\/uploads\/2024\/01\/Screenshot-2024-01-26-at-15.55-120x120.jpg 120w, https:\/\/puregbl.com\/wp-content\/uploads\/2024\/01\/Screenshot-2024-01-26-at-15.55-480x480.jpg 480w, https:\/\/puregbl.com\/wp-content\/uploads\/2024\/01\/Screenshot-2024-01-26-at-15.55-630x629.jpg 630w, https:\/\/puregbl.com\/wp-content\/uploads\/2024\/01\/Screenshot-2024-01-26-at-15.55-100x100.jpg 100w, https:\/\/puregbl.com\/wp-content\/uploads\/2024\/01\/Screenshot-2024-01-26-at-15.55-54x54.jpg 54w, https:\/\/puregbl.com\/wp-content\/uploads\/2024\/01\/Screenshot-2024-01-26-at-15.55-310x310.jpg 310w, https:\/\/puregbl.com\/wp-content\/uploads\/2024\/01\/Screenshot-2024-01-26-at-15.55-80x80.jpg 80w, https:\/\/puregbl.com\/wp-content\/uploads\/2024\/01\/Screenshot-2024-01-26-at-15.55.jpg 1200w\" alt=\"\" width=\"1024\" height=\"1022\" \/><\/p>\n<p><b style=\"letter-spacing: 0.4px;\">COMPRARE il Gamma-Butirrolattone (GBL) online:<\/b><\/p>\n<p>Uno dei principali vantaggi dell'acquisto di GBL in quantit\u00e0 all'ingrosso \u00e8 la convenienza economica. L'acquisto all'ingrosso spesso consente alle aziende di beneficiare di economie di scala, con conseguente riduzione dei costi unitari. Questo pu\u00f2 portare a significativi risparmi sui costi, soprattutto per le aziende che hanno un'elevata richiesta di GBL nelle loro attivit\u00e0. Inoltre, l'acquisto di quantit\u00e0 all'ingrosso pu\u00f2 anche ridurre l'impatto delle fluttuazioni dei prezzi sul mercato, offrendo alle aziende una maggiore stabilit\u00e0 nei costi di approvvigionamento.<\/p>\n<p>Inoltre, l'acquisto di GBL in quantit\u00e0 all'ingrosso pu\u00f2 snellire la catena di fornitura e i processi di gestione dell'inventario per le aziende. Acquistando grandi volumi in una sola volta, le aziende possono ridurre la frequenza degli ordini e le attivit\u00e0 amministrative associate. Questo pu\u00f2 portare a una maggiore efficienza e a un risparmio sui costi in termini di elaborazione degli ordini, trasporto e stoccaggio. Inoltre, avere a disposizione una fornitura consistente e ampia di GBL pu\u00f2 aiutare le aziende a soddisfare le loro esigenze produttive e operative senza il rischio di carenze di approvvigionamento.<\/p>\n<p><b>Dove acquistare GBL (gamma-butirrolattone) in grandi quantit\u00e0:<\/b><\/p>\n<p>In conclusione, l'acquisto di GBL in quantit\u00e0 all'ingrosso, come 500L, 1000L o 5000L, offre diversi vantaggi alle aziende in termini di economicit\u00e0, gestione della catena di fornitura ed efficienza complessiva. Sfruttando le economie di scala e razionalizzando i processi di approvvigionamento, le aziende possono posizionarsi per il successo nei rispettivi settori. Poich\u00e9 la domanda di GBL continua a crescere, le opzioni di acquisto all'ingrosso rappresentano un'opportunit\u00e0 interessante per le aziende che desiderano ottimizzare le proprie operazioni e massimizzare le proprie risorse.<\/p>\n<p><img decoding=\"async\" src=\"http:\/\/puregbl.com\/wp-content\/uploads\/2024\/01\/Screenshot-2024-01-26-at-15.51.04-1024x705.jpg\" sizes=\"(max-width: 1024px) 100vw, 1024px\" srcset=\"https:\/\/puregbl.com\/wp-content\/uploads\/2024\/01\/Screenshot-2024-01-26-at-15.51.04-1024x705.jpg 1024w, https:\/\/puregbl.com\/wp-content\/uploads\/2024\/01\/Screenshot-2024-01-26-at-15.51.04-300x207.jpg 300w, https:\/\/puregbl.com\/wp-content\/uploads\/2024\/01\/Screenshot-2024-01-26-at-15.51.04-768x529.jpg 768w, https:\/\/puregbl.com\/wp-content\/uploads\/2024\/01\/Screenshot-2024-01-26-at-15.51.04-630x434.jpg 630w, https:\/\/puregbl.com\/wp-content\/uploads\/2024\/01\/Screenshot-2024-01-26-at-15.51.04.jpg 1200w\" alt=\"\" width=\"1024\" height=\"705\" \/><\/p>\n<section data-product_id=\"5395\">\n<figure><img decoding=\"async\" src=\"http:\/\/puregbl.com\/wp-content\/uploads\/2024\/01\/20-mockup-480x480.jpg\" sizes=\"(max-width: 480px) 100vw, 480px\" srcset=\"https:\/\/puregbl.com\/wp-content\/uploads\/2024\/01\/20-mockup-480x480.jpg 480w, https:\/\/puregbl.com\/wp-content\/uploads\/2024\/01\/20-mockup-300x300.jpg 300w, https:\/\/puregbl.com\/wp-content\/uploads\/2024\/01\/20-mockup-1024x1024.jpg 1024w, https:\/\/puregbl.com\/wp-content\/uploads\/2024\/01\/20-mockup-150x150.jpg 150w, https:\/\/puregbl.com\/wp-content\/uploads\/2024\/01\/20-mockup-768x768.jpg 768w, https:\/\/puregbl.com\/wp-content\/uploads\/2024\/01\/20-mockup-120x120.jpg 120w, https:\/\/puregbl.com\/wp-content\/uploads\/2024\/01\/20-mockup-1536x1536.jpg 1536w, https:\/\/puregbl.com\/wp-content\/uploads\/2024\/01\/20-mockup-2048x2048.jpg 2048w, https:\/\/puregbl.com\/wp-content\/uploads\/2024\/01\/20-mockup-630x630.jpg 630w, https:\/\/puregbl.com\/wp-content\/uploads\/2024\/01\/20-mockup-100x100.jpg 100w, https:\/\/puregbl.com\/wp-content\/uploads\/2024\/01\/20-mockup-54x54.jpg 54w, https:\/\/puregbl.com\/wp-content\/uploads\/2024\/01\/20-mockup-310x310.jpg 310w, https:\/\/puregbl.com\/wp-content\/uploads\/2024\/01\/20-mockup-80x80.jpg 80w\" alt=\"Gamma-butirrolattone (GBL) 20LGamma-butirrolattone (GBL) 20L\" width=\"480\" height=\"480\" \/><\/figure>\n<p><a href=\"#\" data-product_id=\"5395\">Vista rapida<\/a><br \/>\n<!-- ADD TO WISHLIST --><br \/>\n<a class=\"add_to_wishlist single_add_to_wishlist\" href=\"?add_to_wishlist=5395&amp;_wpnonce=bb69a8b6ef\" rel=\"nofollow\" data-product-id=\"5395\" data-product-type=\"simple\" data-original-product-id=\"0\" data-title=\"&lt;span class=&quot;ts-tooltip button-tooltip&quot; data-title=&quot;Add to wishlist&quot;&gt;Wishlist&lt;\/span&gt;\"><br \/>\nLista dei desideri<br \/>\n<\/a><br \/>\n<!-- COUNT TEXT --><br \/>\n<a href=\"https:\/\/puregbl.com\/it\/?action=yith-woocompare-add-product&amp;id=5395\" data-product_id=\"5395\">Confronto<\/a><\/p>\n<h3><a href=\"https:\/\/puregbl.com\/it\/prodotto\/gamma-butyrolactone-gbl-20l\/\">Gamma-butirrolattone (GBL) 20L<\/a><\/h3>\n<p><a href=\"https:\/\/puregbl.com\/it\/?action=yith-woocompare-add-product&amp;id=5395\" rel=\"nofollow\" data-product_id=\"5395\">Confronto<\/a>Voto <strong>5.00<\/strong> su 5<br \/>\n<bdi>$1,500.00<\/bdi><br \/>\n<a href=\"?add-to-cart=5395\" rel=\"nofollow\" data-quantity=\"1\" data-product_id=\"5395\" data-product_sku=\"\" aria-label=\"Aggiungi al carrello: \u201cGamma-butirrolattone (GBL) 20L\u201d\" data-success_message=\"\u201cGamma-Butyrolactone (GBL) 20L\u201d has been added to your cart\">Aggiungi al carrello<\/a><\/p>\n<\/section>\n<section data-product_id=\"5394\">\n<figure><img loading=\"lazy\" decoding=\"async\" src=\"http:\/\/puregbl.com\/wp-content\/uploads\/2024\/01\/10-480x480.jpg\" sizes=\"(max-width: 480px) 100vw, 480px\" srcset=\"https:\/\/puregbl.com\/wp-content\/uploads\/2024\/01\/10-480x480.jpg 480w, https:\/\/puregbl.com\/wp-content\/uploads\/2024\/01\/10-300x300.jpg 300w, https:\/\/puregbl.com\/wp-content\/uploads\/2024\/01\/10-1024x1024.jpg 1024w, https:\/\/puregbl.com\/wp-content\/uploads\/2024\/01\/10-150x150.jpg 150w, https:\/\/puregbl.com\/wp-content\/uploads\/2024\/01\/10-768x768.jpg 768w, https:\/\/puregbl.com\/wp-content\/uploads\/2024\/01\/10-120x120.jpg 120w, https:\/\/puregbl.com\/wp-content\/uploads\/2024\/01\/10-1536x1536.jpg 1536w, https:\/\/puregbl.com\/wp-content\/uploads\/2024\/01\/10-2048x2048.jpg 2048w, https:\/\/puregbl.com\/wp-content\/uploads\/2024\/01\/10-630x630.jpg 630w, https:\/\/puregbl.com\/wp-content\/uploads\/2024\/01\/10-100x100.jpg 100w, https:\/\/puregbl.com\/wp-content\/uploads\/2024\/01\/10-54x54.jpg 54w, https:\/\/puregbl.com\/wp-content\/uploads\/2024\/01\/10-310x310.jpg 310w, https:\/\/puregbl.com\/wp-content\/uploads\/2024\/01\/10-80x80.jpg 80w\" alt=\"Gamma-butirrolattone (GBL) 10L\" width=\"480\" height=\"480\" \/><\/figure>\n<p><a href=\"#\" data-product_id=\"5394\">Vista rapida<\/a><br \/>\n<!-- ADD TO WISHLIST --><br \/>\n<a class=\"add_to_wishlist single_add_to_wishlist\" href=\"?add_to_wishlist=5394&amp;_wpnonce=bb69a8b6ef\" rel=\"nofollow\" data-product-id=\"5394\" data-product-type=\"simple\" data-original-product-id=\"0\" data-title=\"&lt;span class=&quot;ts-tooltip button-tooltip&quot; data-title=&quot;Add to wishlist&quot;&gt;Wishlist&lt;\/span&gt;\"><br \/>\nLista dei desideri<br \/>\n<\/a><br \/>\n<!-- COUNT TEXT --><br \/>\n<a href=\"https:\/\/puregbl.com\/it\/?action=yith-woocompare-add-product&amp;id=5394\" data-product_id=\"5394\">Confronto<\/a><\/p>\n<h3><a href=\"https:\/\/puregbl.com\/it\/prodotto\/gamma-butirrolattone-gbl-10l\/\">Gamma-butirrolattone (GBL) 10L<\/a><\/h3>\n<p><a href=\"https:\/\/puregbl.com\/it\/?action=yith-woocompare-add-product&amp;id=5394\" rel=\"nofollow\" data-product_id=\"5394\">Confronto<\/a>Voto <strong>0<\/strong> su 5<br \/>\n<bdi>$850.00<\/bdi><br \/>\n<a href=\"?add-to-cart=5394\" rel=\"nofollow\" data-quantity=\"1\" data-product_id=\"5394\" data-product_sku=\"\" aria-label=\"Aggiungi al carrello: \u201cGamma-butirrolattone (GBL) 10L\u201d\" data-success_message=\"\u201cGamma-Butyrolactone (GBL) 10L\u201d has been added to your cart\">Aggiungi al carrello<\/a><\/p>\n<\/section>\n<section data-product_id=\"5393\">\n<figure><img loading=\"lazy\" decoding=\"async\" src=\"http:\/\/puregbl.com\/wp-content\/uploads\/2024\/01\/5-mockup-480x480.jpg\" sizes=\"(max-width: 480px) 100vw, 480px\" srcset=\"https:\/\/puregbl.com\/wp-content\/uploads\/2024\/01\/5-mockup-480x480.jpg 480w, https:\/\/puregbl.com\/wp-content\/uploads\/2024\/01\/5-mockup-300x300.jpg 300w, https:\/\/puregbl.com\/wp-content\/uploads\/2024\/01\/5-mockup-1024x1024.jpg 1024w, https:\/\/puregbl.com\/wp-content\/uploads\/2024\/01\/5-mockup-150x150.jpg 150w, https:\/\/puregbl.com\/wp-content\/uploads\/2024\/01\/5-mockup-768x768.jpg 768w, https:\/\/puregbl.com\/wp-content\/uploads\/2024\/01\/5-mockup-120x120.jpg 120w, https:\/\/puregbl.com\/wp-content\/uploads\/2024\/01\/5-mockup-1536x1536.jpg 1536w, https:\/\/puregbl.com\/wp-content\/uploads\/2024\/01\/5-mockup-2048x2048.jpg 2048w, https:\/\/puregbl.com\/wp-content\/uploads\/2024\/01\/5-mockup-630x630.jpg 630w, https:\/\/puregbl.com\/wp-content\/uploads\/2024\/01\/5-mockup-100x100.jpg 100w, https:\/\/puregbl.com\/wp-content\/uploads\/2024\/01\/5-mockup-54x54.jpg 54w, https:\/\/puregbl.com\/wp-content\/uploads\/2024\/01\/5-mockup-310x310.jpg 310w, https:\/\/puregbl.com\/wp-content\/uploads\/2024\/01\/5-mockup-80x80.jpg 80w\" alt=\"Gamma-butirrolattone (GBL) 5L\" width=\"480\" height=\"480\" \/><\/figure>\n<p><a href=\"#\" data-product_id=\"5393\">Vista rapida<\/a><br \/>\n<!-- ADD TO WISHLIST --><br \/>\n<a class=\"add_to_wishlist single_add_to_wishlist\" href=\"?add_to_wishlist=5393&amp;_wpnonce=bb69a8b6ef\" rel=\"nofollow\" data-product-id=\"5393\" data-product-type=\"simple\" data-original-product-id=\"0\" data-title=\"&lt;span class=&quot;ts-tooltip button-tooltip&quot; data-title=&quot;Add to wishlist&quot;&gt;Wishlist&lt;\/span&gt;\"><br \/>\nLista dei desideri<br \/>\n<\/a><br \/>\n<!-- COUNT TEXT --><br \/>\n<a href=\"https:\/\/puregbl.com\/it\/?action=yith-woocompare-add-product&amp;id=5393\" data-product_id=\"5393\">Confronto<\/a><\/p>\n<h3><a href=\"https:\/\/puregbl.com\/it\/prodotto\/gamma-butirrolattone-gbl-5l\/\">Gamma-butirrolattone (GBL) 5L<\/a><\/h3>\n<p><a href=\"https:\/\/puregbl.com\/it\/?action=yith-woocompare-add-product&amp;id=5393\" rel=\"nofollow\" data-product_id=\"5393\">Confronto<\/a>Voto <strong>5.00<\/strong> su 5<br \/>\n<bdi>$450.00<\/bdi><br \/>\n<a href=\"?add-to-cart=5393\" rel=\"nofollow\" data-quantity=\"1\" data-product_id=\"5393\" data-product_sku=\"\" aria-label=\"Aggiungi al carrello: \u201cGamma-butirrolattone (GBL) 5L\u201d\" data-success_message=\"\u201cGamma-Butyrolactone (GBL) 5L\u201d has been added to your cart\">Aggiungi al carrello<\/a><\/p>\n<\/section>\n<section data-product_id=\"5392\">\n<figure><img loading=\"lazy\" decoding=\"async\" src=\"http:\/\/puregbl.com\/wp-content\/uploads\/2024\/01\/2-mockup-copy-480x480.jpg\" sizes=\"(max-width: 480px) 100vw, 480px\" srcset=\"https:\/\/puregbl.com\/wp-content\/uploads\/2024\/01\/2-mockup-copy-480x480.jpg 480w, https:\/\/puregbl.com\/wp-content\/uploads\/2024\/01\/2-mockup-copy-300x300.jpg 300w, https:\/\/puregbl.com\/wp-content\/uploads\/2024\/01\/2-mockup-copy-1024x1024.jpg 1024w, https:\/\/puregbl.com\/wp-content\/uploads\/2024\/01\/2-mockup-copy-150x150.jpg 150w, https:\/\/puregbl.com\/wp-content\/uploads\/2024\/01\/2-mockup-copy-768x768.jpg 768w, https:\/\/puregbl.com\/wp-content\/uploads\/2024\/01\/2-mockup-copy-120x120.jpg 120w, https:\/\/puregbl.com\/wp-content\/uploads\/2024\/01\/2-mockup-copy-1536x1536.jpg 1536w, https:\/\/puregbl.com\/wp-content\/uploads\/2024\/01\/2-mockup-copy-2048x2048.jpg 2048w, https:\/\/puregbl.com\/wp-content\/uploads\/2024\/01\/2-mockup-copy-630x630.jpg 630w, https:\/\/puregbl.com\/wp-content\/uploads\/2024\/01\/2-mockup-copy-100x100.jpg 100w, https:\/\/puregbl.com\/wp-content\/uploads\/2024\/01\/2-mockup-copy-54x54.jpg 54w, https:\/\/puregbl.com\/wp-content\/uploads\/2024\/01\/2-mockup-copy-310x310.jpg 310w, https:\/\/puregbl.com\/wp-content\/uploads\/2024\/01\/2-mockup-copy-80x80.jpg 80w\" alt=\"Gamma-butirrolattone (GBL) 2L\" width=\"480\" height=\"480\" \/><\/figure>\n<p><a href=\"#\" data-product_id=\"5392\">Vista rapida<\/a><br \/>\n<!-- ADD TO WISHLIST --><br \/>\n<a class=\"add_to_wishlist single_add_to_wishlist\" href=\"?add_to_wishlist=5392&amp;_wpnonce=bb69a8b6ef\" rel=\"nofollow\" data-product-id=\"5392\" data-product-type=\"simple\" data-original-product-id=\"0\" data-title=\"&lt;span class=&quot;ts-tooltip button-tooltip&quot; data-title=&quot;Add to wishlist&quot;&gt;Wishlist&lt;\/span&gt;\"><br \/>\nLista dei desideri<br \/>\n<\/a><br \/>\n<!-- COUNT TEXT --><br \/>\n<a href=\"https:\/\/puregbl.com\/it\/?action=yith-woocompare-add-product&amp;id=5392\" data-product_id=\"5392\">Confronto<\/a><\/p>\n<h3><a href=\"https:\/\/puregbl.com\/it\/prodotto\/gamma-butirrolattone-gbl-2l\/\">Gamma-butirrolattone (GBL) 2L<\/a><\/h3>\n<p><a href=\"https:\/\/puregbl.com\/it\/?action=yith-woocompare-add-product&amp;id=5392\" rel=\"nofollow\" data-product_id=\"5392\">Confronto<\/a>Voto <strong>5.00<\/strong> su 5<br \/>\n<bdi>$250.00<\/bdi><br \/>\n<a href=\"?add-to-cart=5392\" rel=\"nofollow\" data-quantity=\"1\" data-product_id=\"5392\" data-product_sku=\"\" aria-label=\"Aggiungi al carrello: \u201cGamma-butirrolattone (GBL) 2L\u201d\" data-success_message=\"\u201cGamma-Butyrolactone (GBL) 2L\u201d has been added to your cart\">Aggiungi al carrello<\/a><\/p>\n<\/section>","protected":false},"excerpt":{"rendered":"<p>We offer BULK Supply of Gamma-Butyrolactone (GBL), our Whole quantities &#8211; 500 Liters &#8211; 1000 Liters &#8211; 5000 Liters &#8211; 10,000 Liters Our Wholesales prices are 100% negotiable contact us through email or instant to discuss bulk purchase Buy 5L GBL Online: Gamma-Butyrolactone (GBL) is a chemical compound used in various industrial and commercial applications, [&hellip;]<\/p>\n","protected":false},"author":2,"featured_media":0,"parent":0,"menu_order":0,"comment_status":"closed","ping_status":"closed","template":"","meta":{"footnotes":""},"class_list":["post-5492","page","type-page","status-publish","hentry"],"_links":{"self":[{"href":"https:\/\/puregbl.com\/it\/wp-json\/wp\/v2\/pages\/5492","targetHints":{"allow":["GET"]}}],"collection":[{"href":"https:\/\/puregbl.com\/it\/wp-json\/wp\/v2\/pages"}],"about":[{"href":"https:\/\/puregbl.com\/it\/wp-json\/wp\/v2\/types\/page"}],"author":[{"embeddable":true,"href":"https:\/\/puregbl.com\/it\/wp-json\/wp\/v2\/users\/2"}],"replies":[{"embeddable":true,"href":"https:\/\/puregbl.com\/it\/wp-json\/wp\/v2\/comments?post=5492"}],"version-history":[{"count":0,"href":"https:\/\/puregbl.com\/it\/wp-json\/wp\/v2\/pages\/5492\/revisions"}],"wp:attachment":[{"href":"https:\/\/puregbl.com\/it\/wp-json\/wp\/v2\/media?parent=5492"}],"curies":[{"name":"wp","href":"https:\/\/api.w.org\/{rel}","templated":true}]}}