{"id":5394,"date":"2024-01-26T09:33:55","date_gmt":"2024-01-26T09:33:55","guid":{"rendered":"https:\/\/puregbl.com\/?post_type=product&#038;p=5394"},"modified":"2025-10-15T22:29:05","modified_gmt":"2025-10-15T22:29:05","slug":"gamma-butirrolattone-gbl-10l","status":"publish","type":"product","link":"https:\/\/puregbl.com\/it\/product\/gamma-butyrolactone-gbl-10l\/","title":{"rendered":"Gamma-butirrolattone GBL 10L"},"content":{"rendered":"<h1><a href=\"https:\/\/puregbl.com\/it\/prodotto\/gamma-butirrolattone-gbl-10l\/\">Gamma-Butyrolactone GBL 10L | Acquista online il detergente per ruote GBL<\/a><\/h1>\n<p>Se state cercando di acquistare il Gamma-Butirrolattone GBL 10L, noto anche come <a href=\"https:\/\/puregbl.com\/it\/\">GBL<\/a>, \u00c8 fondamentale trovare un fornitore affidabile e rispettabile Pure GBL \u00e8 qui per voi, siamo i migliori sul mercato e i pi\u00f9 affidabili. GBL \u00e8 un <a href=\"https:\/\/puregbl.com\/it\/about-us\/\">chimico<\/a> composto utilizzato in vari settori industriali per la sua efficacia come detergente, sverniciatore e solvente.<\/p>\n<h2>Gamma-Butyrolactone (GBL) | GBL in vendita online Italia<\/h2>\n<p>Il <a href=\"https:\/\/puregbl.com\/it\/negozio\/\">vendita<\/a> e l'acquisto di GBL sono regolati da severe linee guida di sicurezza e normative. Pertanto, quando si acquista il GBL, assicurarsi che il fornitore aderisca a queste normative per garantire la qualit\u00e0 e la sicurezza del prodotto. Prima di effettuare un acquisto, \u00e8 importante comprendere l'uso previsto del GBL e consultare tutte le schede di sicurezza (SDS) pertinenti per comprendere i potenziali pericoli e le precauzioni necessarie. L'uso improprio di sostanze chimiche come il GBL pu\u00f2 essere pericoloso, quindi \u00e8 essenziale seguire tutte le linee guida e le norme di sicurezza.<\/p>\n<p>&nbsp;<\/p>\n<h3>Gamma-Butyrolactone (GBL) | GBL in vendita online Francia<\/h3>\n<p>Per maggiori informazioni sull'acquisto <a href=\"https:\/\/en.wikipedia.org\/wiki\/%CE%93-Butyrolactone\" rel=\"nofollow noopener\">GBL<\/a> per informazioni su prezzi, tempi di consegna e quantit\u00e0 ordinate, si prega di contattare il nostro servizio clienti. Ci impegniamo a fornire prodotti di alta qualit\u00e0, con un'attenzione particolare alla sicurezza e alla sicurezza. <a href=\"https:\/\/www.sciencedirect.com\/topics\/medicine-and-dentistry\/gamma-butyrolactone\" rel=\"nofollow noopener\">cliente<\/a> soddisfazione.<\/p>\n<p>&nbsp;<\/p>\n<p>&nbsp;<\/p>","protected":false},"excerpt":{"rendered":"<h1><a href=\"https:\/\/puregbl.com\/it\/prodotto\/gamma-butirrolattone-gbl-10l\/\">Gamma-Butyrolactone (GBL) 10L | Acquista online il detergente per ruote GBL<\/a><\/h1>\n<p>&nbsp;<\/p>\n<h1><a href=\"https:\/\/puregbl.com\/it\/prodotto\/gamma-butirrolattone-gbl-10l\/\">Gamma-Butyrolactone (GBL) 10L | Acquista online il detergente per ruote GBL<\/a><\/h1>\n<p>Se state cercando di acquistare il Gamma-Butirrolattone (GBL) 10L, noto anche come <a href=\"https:\/\/puregbl.com\/it\/\">GBL<\/a>, \u00c8 fondamentale trovare un fornitore affidabile e rispettabile Pure GBL \u00e8 qui per voi.<\/p>\n<p>&nbsp;<\/p>","protected":false},"featured_media":5399,"comment_status":"open","ping_status":"closed","template":"","meta":[],"product_brand":[],"product_cat":[26],"product_tag":[340,334,336,327,328,331,338,330,329,337,332,335,339,333,292,278,281,265,272,276,275,280,279,258,264,273,262,271,268,267,269,291,259,266,274,261,260,270,277],"class_list":{"0":"post-5394","1":"product","2":"type-product","3":"status-publish","4":"has-post-thumbnail","6":"product_cat-products","7":"product_tag-buygblcleaneronline","8":"product_tag-buygblonline","9":"product_tag-buypuregbl","10":"product_tag-gblbuyaustralia","11":"product_tag-gblbuycanada","12":"product_tag-gblbuyeurope","13":"product_tag-gblbuyonline","14":"product_tag-gblbuyuk","15":"product_tag-gblbuyusa","16":"product_tag-gblcleaner","17":"product_tag-gblonline","18":"product_tag-gblonlinestore","19":"product_tag-gblproducts","20":"product_tag-gblshop","21":"product_tag-best-place-to-buy-gbl-new-zealand-gbl-suppliers-usa","22":"product_tag-best-place-to-buy-gbl-uk","23":"product_tag-buy-gbl-100ml","24":"product_tag-buy-gbl-australia","25":"product_tag-buy-gbl-spain","26":"product_tag-buy-gbl-us","27":"product_tag-buy-gbl-usa-reddit","28":"product_tag-buy-gbl-walmart","29":"product_tag-buy-gbl-wheel-cleaner","30":"product_tag-buy-gbl-with-bitcoins","31":"product_tag-buy-gbl-with-credit-card","32":"product_tag-buying-gbl-in-the-uk","33":"product_tag-gbl-brake-cleaner-usa","34":"product_tag-gbl-buy-online-germany","35":"product_tag-gbl-cleaner-for-sale-usa","36":"product_tag-gbl-drug-for-sale-australia","37":"product_tag-gbl-for-sale-online-united-kingdom","38":"product_tag-gbl-industrial-cleaner-new-zealand","39":"product_tag-gbl-magic-cleaner","40":"product_tag-gbl-next-day-delivery-brazil","41":"product_tag-gbl-to-buy","42":"product_tag-gbl-wheel-cleaner-australia","43":"product_tag-gbl-wheel-cleaner-canada","44":"product_tag-ghb-buy-online-new-zealand","45":"product_tag-order-gbl-usa","47":"first","48":"instock","49":"shipping-taxable","50":"purchasable","51":"product-type-simple","52":"add-to-wishlist-after_add_to_cart"},"_links":{"self":[{"href":"https:\/\/puregbl.com\/it\/wp-json\/wp\/v2\/product\/5394","targetHints":{"allow":["GET"]}}],"collection":[{"href":"https:\/\/puregbl.com\/it\/wp-json\/wp\/v2\/product"}],"about":[{"href":"https:\/\/puregbl.com\/it\/wp-json\/wp\/v2\/types\/product"}],"replies":[{"embeddable":true,"href":"https:\/\/puregbl.com\/it\/wp-json\/wp\/v2\/comments?post=5394"}],"wp:featuredmedia":[{"embeddable":true,"href":"https:\/\/puregbl.com\/it\/wp-json\/wp\/v2\/media\/5399"}],"wp:attachment":[{"href":"https:\/\/puregbl.com\/it\/wp-json\/wp\/v2\/media?parent=5394"}],"wp:term":[{"taxonomy":"product_brand","embeddable":true,"href":"https:\/\/puregbl.com\/it\/wp-json\/wp\/v2\/product_brand?post=5394"},{"taxonomy":"product_cat","embeddable":true,"href":"https:\/\/puregbl.com\/it\/wp-json\/wp\/v2\/product_cat?post=5394"},{"taxonomy":"product_tag","embeddable":true,"href":"https:\/\/puregbl.com\/it\/wp-json\/wp\/v2\/product_tag?post=5394"}],"curies":[{"name":"wp","href":"https:\/\/api.w.org\/{rel}","templated":true}]}}