{"id":5236,"date":"2021-01-17T05:07:15","date_gmt":"2021-01-17T05:07:15","guid":{"rendered":"http:\/\/puregbl.com\/?page_id=6"},"modified":"2026-03-27T11:59:31","modified_gmt":"2026-03-27T11:59:31","slug":"sklep","status":"publish","type":"page","link":"https:\/\/puregbl.com\/pl\/shop\/","title":{"rendered":"Sklep"},"content":{"rendered":"<div class=\"wp-block-group has-background is-nowrap is-layout-flex wp-container-core-group-is-layout-ad2f72ca wp-block-group-is-layout-flex\" style=\"background-color:#f2f5f7\">\n<div class=\"wp-block-columns is-layout-flex wp-container-core-columns-is-layout-9d6595d7 wp-block-columns-is-layout-flex\">\n<div class=\"wp-block-column is-layout-flow wp-block-column-is-layout-flow\">\n<p>Witamy w PURE GBL, Chcieliby\u015bmy, aby\u015b wiedzia\u0142, \u017ce GBL, czyli Gamma-Butyrolakton, jest zwi\u0105zkiem chemicznym szeroko stosowanym w r\u00f3\u017cnych ga\u0142\u0119ziach przemys\u0142u ze wzgl\u0119du na jego skuteczno\u015b\u0107 jako \u015brodka czyszcz\u0105cego, \u015brodka do usuwania farby i rozpuszczalnika. Przy zakupie GBL kluczowe znaczenie ma znalezienie wiarygodnego i renomowanego dostawcy, kt\u00f3ry przestrzega surowych wytycznych dotycz\u0105cych bezpiecze\u0144stwa i przepis\u00f3w. Przed dokonaniem zakupu, PURE GBL jest tutaj, aby upewni\u0107 si\u0119, \u017ce rozumiesz zamierzone zastosowanie GBL i zapozna\u0107 si\u0119 ze wszystkimi odpowiednimi kartami charakterystyki (<a href=\"https:\/\/en.wikipedia.org\/wiki\/%CE%93-Butyrolactone\" rel=\"nofollow noopener\">SDS<\/a>), aby zrozumie\u0107 potencjalne zagro\u017cenia i niezb\u0119dne \u015brodki ostro\u017cno\u015bci. Niew\u0142a\u015bciwe u\u017cycie chemikali\u00f3w takich jak GBL mo\u017ce by\u0107 niebezpieczne, dlatego wa\u017cne jest, aby przestrzega\u0107 wszystkich wytycznych i przepis\u00f3w bezpiecze\u0144stwa. Aby uzyska\u0107 wi\u0119cej informacji na temat zakupu GBL, w tym cen, termin\u00f3w dostaw i ilo\u015bci zam\u00f3wie\u0144, prosimy o kontakt z naszym zespo\u0142em obs\u0142ugi klienta. Naszym celem jest dostarczanie wysokiej jako\u015bci produkt\u00f3w z naciskiem na bezpiecze\u0144stwo i zadowolenie klienta. Zapraszamy do <a href=\"https:\/\/puregbl.com\/pl\/sklep\/\">miejsce<\/a> zam\u00f3wienie teraz lub skontaktuj si\u0119 z nami jak najszybciej, je\u015bli masz pytania dotycz\u0105ce zam\u00f3wienia\u00a0<\/p>\n<\/div>\n<\/div>\n<\/div>","protected":false},"excerpt":{"rendered":"<p>Welcome to PURE GBL, We would like you to know that GBL, or Gamma-Butyrolactone, is a chemical compound widely used in various industries due to its effectiveness as a cleaning agent, paint stripper, and solvent. When buying GBL, it&#8217;s crucial to find a reliable and reputable supplier that adheres to strict safety and regulatory guidelines. [&hellip;]<\/p>\n","protected":false},"author":2,"featured_media":0,"parent":0,"menu_order":0,"comment_status":"closed","ping_status":"closed","template":"","meta":{"footnotes":""},"class_list":["post-5236","page","type-page","status-publish","hentry"],"_links":{"self":[{"href":"https:\/\/puregbl.com\/pl\/wp-json\/wp\/v2\/pages\/5236","targetHints":{"allow":["GET"]}}],"collection":[{"href":"https:\/\/puregbl.com\/pl\/wp-json\/wp\/v2\/pages"}],"about":[{"href":"https:\/\/puregbl.com\/pl\/wp-json\/wp\/v2\/types\/page"}],"author":[{"embeddable":true,"href":"https:\/\/puregbl.com\/pl\/wp-json\/wp\/v2\/users\/2"}],"replies":[{"embeddable":true,"href":"https:\/\/puregbl.com\/pl\/wp-json\/wp\/v2\/comments?post=5236"}],"version-history":[{"count":1,"href":"https:\/\/puregbl.com\/pl\/wp-json\/wp\/v2\/pages\/5236\/revisions"}],"predecessor-version":[{"id":5970,"href":"https:\/\/puregbl.com\/pl\/wp-json\/wp\/v2\/pages\/5236\/revisions\/5970"}],"wp:attachment":[{"href":"https:\/\/puregbl.com\/pl\/wp-json\/wp\/v2\/media?parent=5236"}],"curies":[{"name":"wp","href":"https:\/\/api.w.org\/{rel}","templated":true}]}}