{"id":5236,"date":"2021-01-17T05:07:15","date_gmt":"2021-01-17T05:07:15","guid":{"rendered":"http:\/\/puregbl.com\/?page_id=6"},"modified":"2026-03-27T11:59:31","modified_gmt":"2026-03-27T11:59:31","slug":"loja","status":"publish","type":"page","link":"https:\/\/puregbl.com\/pt\/shop\/","title":{"rendered":"Loja"},"content":{"rendered":"<div class=\"wp-block-group has-background is-nowrap is-layout-flex wp-container-core-group-is-layout-ad2f72ca wp-block-group-is-layout-flex\" style=\"background-color:#f2f5f7\">\n<div class=\"wp-block-columns is-layout-flex wp-container-core-columns-is-layout-9d6595d7 wp-block-columns-is-layout-flex\">\n<div class=\"wp-block-column is-layout-flow wp-block-column-is-layout-flow\">\n<p>Bem-vindo ao PURE GBL, Gostar\u00edamos que soubesse que GBL, ou Gama-Butirolactona, \u00e9 um composto qu\u00edmico amplamente utilizado em v\u00e1rias ind\u00fastrias devido \u00e0 sua efic\u00e1cia como agente de limpeza, decapante e solvente. Ao comprar GBL, \u00e9 crucial encontrar um fornecedor fi\u00e1vel e respeit\u00e1vel que cumpra as rigorosas diretrizes de seguran\u00e7a e regulamenta\u00e7\u00e3o. Antes de efetuar uma compra, a PURE GBL est\u00e1 aqui para garantir que compreende o uso pretendido da GBL e consultar todas as Fichas de Dados de Seguran\u00e7a relevantes (<a href=\"https:\/\/en.wikipedia.org\/wiki\/%CE%93-Butyrolactone\" rel=\"nofollow noopener\">SDS<\/a>) para compreender os potenciais perigos e as precau\u00e7\u00f5es necess\u00e1rias. A utiliza\u00e7\u00e3o incorrecta de produtos qu\u00edmicos como a GBL pode ser perigosa, pelo que \u00e9 essencial seguir todas as diretrizes e regulamentos de seguran\u00e7a. Para mais informa\u00e7\u00f5es sobre a compra de GBL, incluindo pre\u00e7os, prazos de entrega e quantidades encomendadas, contacte a nossa equipa de apoio ao cliente. Dedicamo-nos a fornecer produtos de alta qualidade com foco na seguran\u00e7a e satisfa\u00e7\u00e3o do cliente. Sinta-se \u00e0 vontade para <a href=\"https:\/\/puregbl.com\/pt\/loja\/\">lugar<\/a> a sua encomenda agora ou Contacte-nos o mais rapidamente poss\u00edvel se tiver d\u00favidas sobre a sua encomenda\u00a0<\/p>\n<\/div>\n<\/div>\n<\/div>","protected":false},"excerpt":{"rendered":"<p>Welcome to PURE GBL, We would like you to know that GBL, or Gamma-Butyrolactone, is a chemical compound widely used in various industries due to its effectiveness as a cleaning agent, paint stripper, and solvent. When buying GBL, it&#8217;s crucial to find a reliable and reputable supplier that adheres to strict safety and regulatory guidelines. [&hellip;]<\/p>\n","protected":false},"author":2,"featured_media":0,"parent":0,"menu_order":0,"comment_status":"closed","ping_status":"closed","template":"","meta":{"footnotes":""},"class_list":["post-5236","page","type-page","status-publish","hentry"],"_links":{"self":[{"href":"https:\/\/puregbl.com\/pt\/wp-json\/wp\/v2\/pages\/5236","targetHints":{"allow":["GET"]}}],"collection":[{"href":"https:\/\/puregbl.com\/pt\/wp-json\/wp\/v2\/pages"}],"about":[{"href":"https:\/\/puregbl.com\/pt\/wp-json\/wp\/v2\/types\/page"}],"author":[{"embeddable":true,"href":"https:\/\/puregbl.com\/pt\/wp-json\/wp\/v2\/users\/2"}],"replies":[{"embeddable":true,"href":"https:\/\/puregbl.com\/pt\/wp-json\/wp\/v2\/comments?post=5236"}],"version-history":[{"count":1,"href":"https:\/\/puregbl.com\/pt\/wp-json\/wp\/v2\/pages\/5236\/revisions"}],"predecessor-version":[{"id":5970,"href":"https:\/\/puregbl.com\/pt\/wp-json\/wp\/v2\/pages\/5236\/revisions\/5970"}],"wp:attachment":[{"href":"https:\/\/puregbl.com\/pt\/wp-json\/wp\/v2\/media?parent=5236"}],"curies":[{"name":"wp","href":"https:\/\/api.w.org\/{rel}","templated":true}]}}